{"id":1760,"date":"2021-06-11T13:59:17","date_gmt":"2021-06-11T17:59:17","guid":{"rendered":"https:\/\/stg.grkroccenter.org\/conoce-mas\/involucrate\/mas-informacion-sobre-el-ejercito-de-salvacion\/"},"modified":"2024-06-05T18:30:34","modified_gmt":"2024-06-05T22:30:34","slug":"mas-informacion-sobre-el-ejercito-de-salvacion","status":"publish","type":"page","link":"https:\/\/stg.grkroccenter.org\/es\/conoce-mas\/involucrate\/mas-informacion-sobre-el-ejercito-de-salvacion\/","title":{"rendered":"M\u00e1s informaci\u00f3n sobre el Ej\u00e9rcito de Salvaci\u00f3n"},"content":{"rendered":"\n<!-- hero -->\n<section>\n  <a class=\"heroArrow\" tabindex=\"0\" title=\"Scroll Down\"><i class=\"fa fa-angle-down\"><\/i><\/a>\n  <div class=\"chl-block hero-slider\">\n                              <div class=\"home-hero\" style=\"background-image: url(https:\/\/stg.grkroccenter.org\/wp-content\/uploads\/sites\/2\/2021\/07\/winter-band-cover.jpg);\">\n              <div class=\"container hero-content\">\n                <div class=\"hero-container\">\n      \t\t\t\t\t\t<h1 class=\"heroText-headline\"><\/h1>\n      \t\t\t\t\t\t<p class=\"heroText-subheadline\"><\/p>\n                                  <\/div>\n    \t\t\t\t\t<\/div>\n            <\/div>\n          \n            <\/div>\n<\/section>\n<!-- \/hero -->\n\n<div class=\"wp-block-kroc-free-text-area section\"><div class=\"container\">\n<h2 class=\"has-text-align-center wp-block-heading\">\u00a1El Ej\u00e9rcito de Salvaci\u00f3n es mucho m\u00e1s que el Centro Kroc!<\/h2>\n\n\n\n<p>El Ej\u00e9rcito de Salvaci\u00f3n existe para satisfacer las necesidades humanas donde, cuando y como podamos. Aunque el Ej\u00e9rcito es un movimiento internacional activo en m\u00e1s de 100 pa\u00edses de todo el mundo, estamos igualmente centrados en llegar a todas las personas posibles de la zona de Grand Rapids.<\/p>\n\n\n\n<p>A nivel local, el Ej\u00e9rcito de Salvaci\u00f3n proporciona ayuda para la vivienda y los servicios p\u00fablicos, tratamiento de adicciones, refugio contra el maltrato dom\u00e9stico, regalos de Navidad y alimentos para familias necesitadas, ayuda de emergencia y en caso de cat\u00e1strofe, programas para ni\u00f1os y mucho m\u00e1s. Por cada d\u00f3lar que gastas en el Centro Kroc (afiliaci\u00f3n, clases, campamentos, etc.), un 10% se destina a financiar estos otros servicios. &#8212; un 10% se destina a financiar estos otros servicios en el condado de Kent.<\/p>\n<\/div><\/div>\n\n<div style=\"text-align:center\" class=\"wp-block-genesis-blocks-gb-button gb-block-button\"><a href=\"https:\/\/centralusa.salvationarmy.org\/kentcounty\/news\/kent-county-annual-report-2020\/\" target=\"_blank\" rel=\"noopener noreferrer\" class=\"gb-button gb-button-shape-rounded gb-button-size-medium\" style=\"color:#ffffff;background-color:#3373dc\">Ver el Informe Anual del Condado de Kent 2020<\/a><\/div>\n\n<div style=\"text-align:center\" class=\"wp-block-genesis-blocks-gb-button gb-block-button\"><a href=\"https:\/\/centralusa.salvationarmy.org\/kentcounty\/\" target=\"_blank\" rel=\"noopener noreferrer\" class=\"gb-button gb-button-shape-rounded gb-button-size-medium\" style=\"color:#ffffff;background-color:#3373dc\">Sitio web del Ej\u00e9rcito de Salvaci\u00f3n del Condado de Kent<\/a><\/div>\n\n<div class=\"wp-block-kroc-free-text-area section\"><div class=\"container\">\n<h2 class=\"wp-block-heading\">Historia del Ej\u00e9rcito de Salvaci\u00f3n<\/h2>\n\n\n\n<p>Poco despu\u00e9s de iniciar su carrera ministerial en Inglaterra en 1852, William Booth abandon\u00f3 el concepto del p\u00falpito tradicional de la iglesia en favor de llevar el evangelio de Jesucristo directamente a la gente. Recorriendo las calles de Londres, predic\u00f3 a los pobres, a los sin techo, a los hambrientos y a los indigentes.<\/p>\n\n\n\n<p>Cuando sus compa\u00f1eros cl\u00e9rigos no estuvieron de acuerdo con el enfoque poco convencional de Booth, \u00e9l y su esposa Catherine se retiraron de la iglesia para formar evangelistas por toda Inglaterra. La pareja regres\u00f3 al East End de Londres en 1865, donde muchos seguidores se unieron a su lucha por las almas de hombres y mujeres perdidos. En 10 a\u00f1os, su organizaci\u00f3n, que operaba bajo el nombre de &#8220;La Misi\u00f3n Cristiana&#8221;, contaba con m\u00e1s de 1.000 voluntarios y evangelistas.  <\/p>\n\n\n\n<p>Entre sus primeros conversos al cristianismo hab\u00eda ladrones, prostitutas, jugadores y borrachos. Y pronto, aquellos conversos tambi\u00e9n predicaban y cantaban por las calles como testimonios vivos del poder de Dios.<\/p>\n\n\n\n<p>Cuando Booth ley\u00f3 una prueba de imprenta del informe anual de la &#8220;Misi\u00f3n Cristiana&#8221; de 1878, se fij\u00f3 en la afirmaci\u00f3n &#8220;La Misi\u00f3n Cristiana es un ej\u00e9rcito de voluntarios&#8221;. Tachando las palabras &#8220;ej\u00e9rcito de voluntarios&#8221;, escribi\u00f3 &#8220;Ej\u00e9rcito de Salvaci\u00f3n&#8221;. De esas palabras surgi\u00f3 la base de la escritura fundacional del Ej\u00e9rcito de Salvaci\u00f3n.<\/p>\n\n\n\n<p>A partir de ese momento, los conversos se convirtieron en soldados de Cristo y fueron conocidos entonces, como ahora, como salvacionistas. Lanzaron una ofensiva por todas las Islas Brit\u00e1nicas que, a pesar de la violencia y la persecuci\u00f3n, convirti\u00f3 a 250.000 cristianos entre 1881 y 1885. Su mensaje se extendi\u00f3 r\u00e1pidamente, ganando terreno en Am\u00e9rica y poco despu\u00e9s en Canad\u00e1, Australia, Francia, Suiza, India, Sud\u00e1frica, Islandia y Alemania.<\/p>\n\n\n\n<p>Hoy en d\u00eda, el Ej\u00e9rcito de Salvaci\u00f3n est\u00e1 activo en pr\u00e1cticamente todos los rincones del mundo y sirve en m\u00e1s de 100 pa\u00edses, ofreciendo el mensaje de la curaci\u00f3n y la esperanza de Dios a todos los necesitados.<\/p>\n<\/div><\/div>\n","protected":false},"excerpt":{"rendered":"","protected":false},"author":7,"featured_media":0,"parent":1753,"menu_order":0,"comment_status":"closed","ping_status":"closed","template":"","meta":{"footnotes":""},"class_list":["post-1760","page","type-page","status-publish","hentry"],"yoast_head":"<!-- This site is optimized with the Yoast SEO plugin v22.8 - https:\/\/yoast.com\/wordpress\/plugins\/seo\/ -->\n<title>M\u00e1s informaci\u00f3n sobre el Ej\u00e9rcito de Salvaci\u00f3n | Grand Rapids - The Salvation Army Kroc Center<\/title>\n<meta name=\"robots\" content=\"index, follow, max-snippet:-1, max-image-preview:large, max-video-preview:-1\" \/>\n<link rel=\"canonical\" href=\"https:\/\/stg.grkroccenter.org\/es\/conoce-mas\/involucrate\/mas-informacion-sobre-el-ejercito-de-salvacion\/\" \/>\n<meta property=\"og:locale\" content=\"es_ES\" \/>\n<meta property=\"og:type\" content=\"article\" \/>\n<meta property=\"og:title\" content=\"M\u00e1s informaci\u00f3n sobre el Ej\u00e9rcito de Salvaci\u00f3n | Grand Rapids - The Salvation Army Kroc Center\" \/>\n<meta property=\"og:url\" content=\"https:\/\/stg.grkroccenter.org\/es\/conoce-mas\/involucrate\/mas-informacion-sobre-el-ejercito-de-salvacion\/\" \/>\n<meta property=\"og:site_name\" content=\"Grand Rapids - The Salvation Army Kroc Center\" \/>\n<meta property=\"article:modified_time\" content=\"2024-06-05T22:30:34+00:00\" \/>\n<meta name=\"twitter:card\" content=\"summary_large_image\" \/>\n<script type=\"application\/ld+json\" class=\"yoast-schema-graph\">{\"@context\":\"https:\/\/schema.org\",\"@graph\":[{\"@type\":\"WebPage\",\"@id\":\"https:\/\/stg.grkroccenter.org\/es\/conoce-mas\/involucrate\/mas-informacion-sobre-el-ejercito-de-salvacion\/\",\"url\":\"https:\/\/stg.grkroccenter.org\/es\/conoce-mas\/involucrate\/mas-informacion-sobre-el-ejercito-de-salvacion\/\",\"name\":\"M\u00e1s informaci\u00f3n sobre el Ej\u00e9rcito de Salvaci\u00f3n | Grand Rapids - The Salvation Army Kroc Center\",\"isPartOf\":{\"@id\":\"https:\/\/stg.grkroccenter.org\/es\/#website\"},\"datePublished\":\"2021-06-11T17:59:17+00:00\",\"dateModified\":\"2024-06-05T22:30:34+00:00\",\"breadcrumb\":{\"@id\":\"https:\/\/stg.grkroccenter.org\/es\/conoce-mas\/involucrate\/mas-informacion-sobre-el-ejercito-de-salvacion\/#breadcrumb\"},\"inLanguage\":\"es\",\"potentialAction\":[{\"@type\":\"ReadAction\",\"target\":[\"https:\/\/stg.grkroccenter.org\/es\/conoce-mas\/involucrate\/mas-informacion-sobre-el-ejercito-de-salvacion\/\"]}]},{\"@type\":\"BreadcrumbList\",\"@id\":\"https:\/\/stg.grkroccenter.org\/es\/conoce-mas\/involucrate\/mas-informacion-sobre-el-ejercito-de-salvacion\/#breadcrumb\",\"itemListElement\":[{\"@type\":\"ListItem\",\"position\":1,\"name\":\"Home\",\"item\":\"https:\/\/stg.grkroccenter.org\/es\/\"},{\"@type\":\"ListItem\",\"position\":2,\"name\":\"Conoce M\u00e1s\",\"item\":\"https:\/\/stg.grkroccenter.org\/es\/learn-more\/\"},{\"@type\":\"ListItem\",\"position\":3,\"name\":\"Involucrate\",\"item\":\"https:\/\/stg.grkroccenter.org\/es\/learn-more\/get-involved\/\"},{\"@type\":\"ListItem\",\"position\":4,\"name\":\"M\u00e1s informaci\u00f3n sobre el Ej\u00e9rcito de Salvaci\u00f3n\"}]},{\"@type\":\"WebSite\",\"@id\":\"https:\/\/stg.grkroccenter.org\/es\/#website\",\"url\":\"https:\/\/stg.grkroccenter.org\/es\/\",\"name\":\"Grand Rapids - The Salvation Army Kroc Center\",\"description\":\"\",\"publisher\":{\"@id\":\"https:\/\/stg.grkroccenter.org\/es\/#organization\"},\"potentialAction\":[{\"@type\":\"SearchAction\",\"target\":{\"@type\":\"EntryPoint\",\"urlTemplate\":\"https:\/\/stg.grkroccenter.org\/es\/?s={search_term_string}\"},\"query-input\":\"required name=search_term_string\"}],\"inLanguage\":\"es\"},{\"@type\":\"Organization\",\"@id\":\"https:\/\/stg.grkroccenter.org\/es\/#organization\",\"name\":\"The Salvation Army Kroc Center\",\"url\":\"https:\/\/stg.grkroccenter.org\/es\/\",\"logo\":{\"@type\":\"ImageObject\",\"inLanguage\":\"es\",\"@id\":\"https:\/\/stg.grkroccenter.org\/es\/#\/schema\/logo\/image\/\",\"url\":\"https:\/\/cms.grkroccenter.org\/wp-content\/uploads\/sites\/2\/2021\/08\/Kroc_Secondary_GR.png\",\"contentUrl\":\"https:\/\/cms.grkroccenter.org\/wp-content\/uploads\/sites\/2\/2021\/08\/Kroc_Secondary_GR.png\",\"width\":1920,\"height\":1080,\"caption\":\"The Salvation Army Kroc Center\"},\"image\":{\"@id\":\"https:\/\/stg.grkroccenter.org\/es\/#\/schema\/logo\/image\/\"}}]}<\/script>\n<!-- \/ Yoast SEO plugin. -->","yoast_head_json":{"title":"M\u00e1s informaci\u00f3n sobre el Ej\u00e9rcito de Salvaci\u00f3n | Grand Rapids - The Salvation Army Kroc Center","robots":{"index":"index","follow":"follow","max-snippet":"max-snippet:-1","max-image-preview":"max-image-preview:large","max-video-preview":"max-video-preview:-1"},"canonical":"https:\/\/stg.grkroccenter.org\/es\/conoce-mas\/involucrate\/mas-informacion-sobre-el-ejercito-de-salvacion\/","og_locale":"es_ES","og_type":"article","og_title":"M\u00e1s informaci\u00f3n sobre el Ej\u00e9rcito de Salvaci\u00f3n | Grand Rapids - The Salvation Army Kroc Center","og_url":"https:\/\/stg.grkroccenter.org\/es\/conoce-mas\/involucrate\/mas-informacion-sobre-el-ejercito-de-salvacion\/","og_site_name":"Grand Rapids - The Salvation Army Kroc Center","article_modified_time":"2024-06-05T22:30:34+00:00","twitter_card":"summary_large_image","schema":{"@context":"https:\/\/schema.org","@graph":[{"@type":"WebPage","@id":"https:\/\/stg.grkroccenter.org\/es\/conoce-mas\/involucrate\/mas-informacion-sobre-el-ejercito-de-salvacion\/","url":"https:\/\/stg.grkroccenter.org\/es\/conoce-mas\/involucrate\/mas-informacion-sobre-el-ejercito-de-salvacion\/","name":"M\u00e1s informaci\u00f3n sobre el Ej\u00e9rcito de Salvaci\u00f3n | Grand Rapids - The Salvation Army Kroc Center","isPartOf":{"@id":"https:\/\/stg.grkroccenter.org\/es\/#website"},"datePublished":"2021-06-11T17:59:17+00:00","dateModified":"2024-06-05T22:30:34+00:00","breadcrumb":{"@id":"https:\/\/stg.grkroccenter.org\/es\/conoce-mas\/involucrate\/mas-informacion-sobre-el-ejercito-de-salvacion\/#breadcrumb"},"inLanguage":"es","potentialAction":[{"@type":"ReadAction","target":["https:\/\/stg.grkroccenter.org\/es\/conoce-mas\/involucrate\/mas-informacion-sobre-el-ejercito-de-salvacion\/"]}]},{"@type":"BreadcrumbList","@id":"https:\/\/stg.grkroccenter.org\/es\/conoce-mas\/involucrate\/mas-informacion-sobre-el-ejercito-de-salvacion\/#breadcrumb","itemListElement":[{"@type":"ListItem","position":1,"name":"Home","item":"https:\/\/stg.grkroccenter.org\/es\/"},{"@type":"ListItem","position":2,"name":"Conoce M\u00e1s","item":"https:\/\/stg.grkroccenter.org\/es\/learn-more\/"},{"@type":"ListItem","position":3,"name":"Involucrate","item":"https:\/\/stg.grkroccenter.org\/es\/learn-more\/get-involved\/"},{"@type":"ListItem","position":4,"name":"M\u00e1s informaci\u00f3n sobre el Ej\u00e9rcito de Salvaci\u00f3n"}]},{"@type":"WebSite","@id":"https:\/\/stg.grkroccenter.org\/es\/#website","url":"https:\/\/stg.grkroccenter.org\/es\/","name":"Grand Rapids - The Salvation Army Kroc Center","description":"","publisher":{"@id":"https:\/\/stg.grkroccenter.org\/es\/#organization"},"potentialAction":[{"@type":"SearchAction","target":{"@type":"EntryPoint","urlTemplate":"https:\/\/stg.grkroccenter.org\/es\/?s={search_term_string}"},"query-input":"required name=search_term_string"}],"inLanguage":"es"},{"@type":"Organization","@id":"https:\/\/stg.grkroccenter.org\/es\/#organization","name":"The Salvation Army Kroc Center","url":"https:\/\/stg.grkroccenter.org\/es\/","logo":{"@type":"ImageObject","inLanguage":"es","@id":"https:\/\/stg.grkroccenter.org\/es\/#\/schema\/logo\/image\/","url":"https:\/\/cms.grkroccenter.org\/wp-content\/uploads\/sites\/2\/2021\/08\/Kroc_Secondary_GR.png","contentUrl":"https:\/\/cms.grkroccenter.org\/wp-content\/uploads\/sites\/2\/2021\/08\/Kroc_Secondary_GR.png","width":1920,"height":1080,"caption":"The Salvation Army Kroc Center"},"image":{"@id":"https:\/\/stg.grkroccenter.org\/es\/#\/schema\/logo\/image\/"}}]}},"featured_image_src":null,"featured_image_src_square":null,"_links":{"self":[{"href":"https:\/\/stg.grkroccenter.org\/es\/wp-json\/wp\/v2\/pages\/1760","targetHints":{"allow":["GET"]}}],"collection":[{"href":"https:\/\/stg.grkroccenter.org\/es\/wp-json\/wp\/v2\/pages"}],"about":[{"href":"https:\/\/stg.grkroccenter.org\/es\/wp-json\/wp\/v2\/types\/page"}],"author":[{"embeddable":true,"href":"https:\/\/stg.grkroccenter.org\/es\/wp-json\/wp\/v2\/users\/7"}],"replies":[{"embeddable":true,"href":"https:\/\/stg.grkroccenter.org\/es\/wp-json\/wp\/v2\/comments?post=1760"}],"version-history":[{"count":0,"href":"https:\/\/stg.grkroccenter.org\/es\/wp-json\/wp\/v2\/pages\/1760\/revisions"}],"up":[{"embeddable":true,"href":"https:\/\/stg.grkroccenter.org\/es\/wp-json\/wp\/v2\/pages\/1753"}],"wp:attachment":[{"href":"https:\/\/stg.grkroccenter.org\/es\/wp-json\/wp\/v2\/media?parent=1760"}],"curies":[{"name":"wp","href":"https:\/\/api.w.org\/{rel}","templated":true}]}}