{"id":1757,"date":"2021-06-08T09:51:50","date_gmt":"2021-06-08T13:51:50","guid":{"rendered":"https:\/\/stg.grkroccenter.org\/conoce-mas\/involucrate\/voluntario\/"},"modified":"2024-06-05T18:22:59","modified_gmt":"2024-06-05T22:22:59","slug":"voluntario","status":"publish","type":"page","link":"https:\/\/stg.grkroccenter.org\/es\/conoce-mas\/involucrate\/voluntario\/","title":{"rendered":"Voluntario"},"content":{"rendered":"\n<!-- hero -->\n<section>\n  <a class=\"heroArrow\" tabindex=\"0\" title=\"Scroll Down\"><i class=\"fa fa-angle-down\"><\/i><\/a>\n  <div class=\"chl-block hero-slider\">\n                              <div class=\"home-hero\" style=\"background-image: url(https:\/\/stg.grkroccenter.org\/wp-content\/uploads\/sites\/2\/2021\/07\/volunteers-donutday-cover1.jpg);\">\n              <div class=\"container hero-content\">\n                <div class=\"hero-container\">\n      \t\t\t\t\t\t<h1 class=\"heroText-headline\">Voluntariado en The Kroc<\/h1>\n      \t\t\t\t\t\t<p class=\"heroText-subheadline\"><\/p>\n                                                                                    <a class=\"btn btn-red btn-solid \" href=\"https:\/\/app.betterimpact.com\/PublicOrganization\/f18c3679-072b-4939-adfb-633e19875c39\" target=\"_blank\">Encuentra oportunidades ahora<\/a>\n                                                                            <\/div>\n    \t\t\t\t\t<\/div>\n            <\/div>\n          \n            <\/div>\n<\/section>\n<!-- \/hero -->\n\n\n\n<div class=\"wp-block-kroc-free-text-area section\"><div class=\"container\">\n<h1 class=\"wp-block-heading\">Voluntariado en The Kroc<\/h1>\n\n\n\n<h2 class=\"wp-block-heading\">Dona tu tiempo y talento<\/h2>\n\n\n\n<p>El voluntariado es una de las cosas m\u00e1s agradables que har\u00e1s en tu vida, adem\u00e1s de una de las m\u00e1s gratificantes. Los voluntarios de Kroc deben cumplir las mismas normas que los empleados de Kroc, incluida la solicitud, la comprobaci\u00f3n de antecedentes, la formaci\u00f3n sobre protecci\u00f3n infantil &#8220;A salvo del da\u00f1o&#8221; y la orientaci\u00f3n.<\/p>\n\n\n\n<p id=\"u34938-8\">Las oportunidades de voluntariado incluyen, entre otras, las siguientes<\/p>\n\n\n\n<ul class=\"wp-block-list\">\n<li>Ayudar en eventos como las Vacaciones de Primavera y el National Night Out<\/li>\n\n\n\n<li>Ayudar en programas deportivos juveniles como AYSO<\/li>\n\n\n\n<li>Tutor\u00eda de alumnos de la escuela primaria Brookside a trav\u00e9s de Kids Hope USA<\/li>\n\n\n\n<li>Formar parte de la Junta Consultiva y los Comit\u00e9s de The Kroc&#8217;s<\/li>\n<\/ul>\n\n\n\n<p>El Centro Kroc depende de algo m\u00e1s que de su personal remunerado para cumplir la misi\u00f3n de Joan Kroc. La Sra. Kroc ten\u00eda claras sus intenciones: Los Centros Kroc deb\u00edan ser lugares donde los ni\u00f1os pudieran aprender unos de otros, las personas pudieran buscar el crecimiento y el desarrollo personal, y un lugar para que la comunidad se reuniera en ocio y confraternidad en un entorno que acogiera el amor y la aceptaci\u00f3n que Jesucristo nos ense\u00f1a. Como voluntario, \u00a1puedes ayudarnos a hacer realidad ese sue\u00f1o!<\/p>\n<\/div><\/div>\n\n\n\n<div style=\"text-align:center\" class=\"wp-block-genesis-blocks-gb-button gb-block-button\"><a href=\"https:\/\/app.betterimpact.com\/PublicOrganization\/f18c3679-072b-4939-adfb-633e19875c39\" target=\"_blank\" rel=\"noopener noreferrer\" class=\"gb-button gb-button-shape-rounded gb-button-size-extralarge\" style=\"color:#ffffff;background-color:#ef3e42\">Encuentre Oportunidades de Voluntariado Ahora<\/a><\/div>\n","protected":false},"excerpt":{"rendered":"","protected":false},"author":6,"featured_media":0,"parent":1753,"menu_order":0,"comment_status":"closed","ping_status":"closed","template":"","meta":{"footnotes":""},"class_list":["post-1757","page","type-page","status-publish","hentry"],"yoast_head":"<!-- This site is optimized with the Yoast SEO plugin v22.8 - https:\/\/yoast.com\/wordpress\/plugins\/seo\/ -->\n<title>Voluntario | Grand Rapids - The Salvation Army Kroc Center<\/title>\n<meta name=\"robots\" content=\"index, follow, max-snippet:-1, max-image-preview:large, max-video-preview:-1\" \/>\n<link rel=\"canonical\" href=\"https:\/\/stg.grkroccenter.org\/es\/conoce-mas\/involucrate\/voluntario\/\" \/>\n<meta property=\"og:locale\" content=\"es_ES\" \/>\n<meta property=\"og:type\" content=\"article\" \/>\n<meta property=\"og:title\" content=\"Voluntario | Grand Rapids - The Salvation Army Kroc Center\" \/>\n<meta property=\"og:url\" content=\"https:\/\/stg.grkroccenter.org\/es\/conoce-mas\/involucrate\/voluntario\/\" \/>\n<meta property=\"og:site_name\" content=\"Grand Rapids - The Salvation Army Kroc Center\" \/>\n<meta property=\"article:modified_time\" content=\"2024-06-05T22:22:59+00:00\" \/>\n<meta name=\"twitter:card\" content=\"summary_large_image\" \/>\n<script type=\"application\/ld+json\" class=\"yoast-schema-graph\">{\"@context\":\"https:\/\/schema.org\",\"@graph\":[{\"@type\":\"WebPage\",\"@id\":\"https:\/\/stg.grkroccenter.org\/es\/conoce-mas\/involucrate\/voluntario\/\",\"url\":\"https:\/\/stg.grkroccenter.org\/es\/conoce-mas\/involucrate\/voluntario\/\",\"name\":\"Voluntario | Grand Rapids - The Salvation Army Kroc Center\",\"isPartOf\":{\"@id\":\"https:\/\/stg.grkroccenter.org\/es\/#website\"},\"datePublished\":\"2021-06-08T13:51:50+00:00\",\"dateModified\":\"2024-06-05T22:22:59+00:00\",\"breadcrumb\":{\"@id\":\"https:\/\/stg.grkroccenter.org\/es\/conoce-mas\/involucrate\/voluntario\/#breadcrumb\"},\"inLanguage\":\"es\",\"potentialAction\":[{\"@type\":\"ReadAction\",\"target\":[\"https:\/\/stg.grkroccenter.org\/es\/conoce-mas\/involucrate\/voluntario\/\"]}]},{\"@type\":\"BreadcrumbList\",\"@id\":\"https:\/\/stg.grkroccenter.org\/es\/conoce-mas\/involucrate\/voluntario\/#breadcrumb\",\"itemListElement\":[{\"@type\":\"ListItem\",\"position\":1,\"name\":\"Home\",\"item\":\"https:\/\/stg.grkroccenter.org\/es\/\"},{\"@type\":\"ListItem\",\"position\":2,\"name\":\"Conoce M\u00e1s\",\"item\":\"https:\/\/stg.grkroccenter.org\/es\/learn-more\/\"},{\"@type\":\"ListItem\",\"position\":3,\"name\":\"Involucrate\",\"item\":\"https:\/\/stg.grkroccenter.org\/es\/learn-more\/get-involved\/\"},{\"@type\":\"ListItem\",\"position\":4,\"name\":\"Voluntario\"}]},{\"@type\":\"WebSite\",\"@id\":\"https:\/\/stg.grkroccenter.org\/es\/#website\",\"url\":\"https:\/\/stg.grkroccenter.org\/es\/\",\"name\":\"Grand Rapids - The Salvation Army Kroc Center\",\"description\":\"\",\"publisher\":{\"@id\":\"https:\/\/stg.grkroccenter.org\/es\/#organization\"},\"potentialAction\":[{\"@type\":\"SearchAction\",\"target\":{\"@type\":\"EntryPoint\",\"urlTemplate\":\"https:\/\/stg.grkroccenter.org\/es\/?s={search_term_string}\"},\"query-input\":\"required name=search_term_string\"}],\"inLanguage\":\"es\"},{\"@type\":\"Organization\",\"@id\":\"https:\/\/stg.grkroccenter.org\/es\/#organization\",\"name\":\"The Salvation Army Kroc Center\",\"url\":\"https:\/\/stg.grkroccenter.org\/es\/\",\"logo\":{\"@type\":\"ImageObject\",\"inLanguage\":\"es\",\"@id\":\"https:\/\/stg.grkroccenter.org\/es\/#\/schema\/logo\/image\/\",\"url\":\"https:\/\/cms.grkroccenter.org\/wp-content\/uploads\/sites\/2\/2021\/08\/Kroc_Secondary_GR.png\",\"contentUrl\":\"https:\/\/cms.grkroccenter.org\/wp-content\/uploads\/sites\/2\/2021\/08\/Kroc_Secondary_GR.png\",\"width\":1920,\"height\":1080,\"caption\":\"The Salvation Army Kroc Center\"},\"image\":{\"@id\":\"https:\/\/stg.grkroccenter.org\/es\/#\/schema\/logo\/image\/\"}}]}<\/script>\n<!-- \/ Yoast SEO plugin. -->","yoast_head_json":{"title":"Voluntario | Grand Rapids - The Salvation Army Kroc Center","robots":{"index":"index","follow":"follow","max-snippet":"max-snippet:-1","max-image-preview":"max-image-preview:large","max-video-preview":"max-video-preview:-1"},"canonical":"https:\/\/stg.grkroccenter.org\/es\/conoce-mas\/involucrate\/voluntario\/","og_locale":"es_ES","og_type":"article","og_title":"Voluntario | Grand Rapids - The Salvation Army Kroc Center","og_url":"https:\/\/stg.grkroccenter.org\/es\/conoce-mas\/involucrate\/voluntario\/","og_site_name":"Grand Rapids - The Salvation Army Kroc Center","article_modified_time":"2024-06-05T22:22:59+00:00","twitter_card":"summary_large_image","schema":{"@context":"https:\/\/schema.org","@graph":[{"@type":"WebPage","@id":"https:\/\/stg.grkroccenter.org\/es\/conoce-mas\/involucrate\/voluntario\/","url":"https:\/\/stg.grkroccenter.org\/es\/conoce-mas\/involucrate\/voluntario\/","name":"Voluntario | Grand Rapids - The Salvation Army Kroc Center","isPartOf":{"@id":"https:\/\/stg.grkroccenter.org\/es\/#website"},"datePublished":"2021-06-08T13:51:50+00:00","dateModified":"2024-06-05T22:22:59+00:00","breadcrumb":{"@id":"https:\/\/stg.grkroccenter.org\/es\/conoce-mas\/involucrate\/voluntario\/#breadcrumb"},"inLanguage":"es","potentialAction":[{"@type":"ReadAction","target":["https:\/\/stg.grkroccenter.org\/es\/conoce-mas\/involucrate\/voluntario\/"]}]},{"@type":"BreadcrumbList","@id":"https:\/\/stg.grkroccenter.org\/es\/conoce-mas\/involucrate\/voluntario\/#breadcrumb","itemListElement":[{"@type":"ListItem","position":1,"name":"Home","item":"https:\/\/stg.grkroccenter.org\/es\/"},{"@type":"ListItem","position":2,"name":"Conoce M\u00e1s","item":"https:\/\/stg.grkroccenter.org\/es\/learn-more\/"},{"@type":"ListItem","position":3,"name":"Involucrate","item":"https:\/\/stg.grkroccenter.org\/es\/learn-more\/get-involved\/"},{"@type":"ListItem","position":4,"name":"Voluntario"}]},{"@type":"WebSite","@id":"https:\/\/stg.grkroccenter.org\/es\/#website","url":"https:\/\/stg.grkroccenter.org\/es\/","name":"Grand Rapids - The Salvation Army Kroc Center","description":"","publisher":{"@id":"https:\/\/stg.grkroccenter.org\/es\/#organization"},"potentialAction":[{"@type":"SearchAction","target":{"@type":"EntryPoint","urlTemplate":"https:\/\/stg.grkroccenter.org\/es\/?s={search_term_string}"},"query-input":"required name=search_term_string"}],"inLanguage":"es"},{"@type":"Organization","@id":"https:\/\/stg.grkroccenter.org\/es\/#organization","name":"The Salvation Army Kroc Center","url":"https:\/\/stg.grkroccenter.org\/es\/","logo":{"@type":"ImageObject","inLanguage":"es","@id":"https:\/\/stg.grkroccenter.org\/es\/#\/schema\/logo\/image\/","url":"https:\/\/cms.grkroccenter.org\/wp-content\/uploads\/sites\/2\/2021\/08\/Kroc_Secondary_GR.png","contentUrl":"https:\/\/cms.grkroccenter.org\/wp-content\/uploads\/sites\/2\/2021\/08\/Kroc_Secondary_GR.png","width":1920,"height":1080,"caption":"The Salvation Army Kroc Center"},"image":{"@id":"https:\/\/stg.grkroccenter.org\/es\/#\/schema\/logo\/image\/"}}]}},"featured_image_src":null,"featured_image_src_square":null,"_links":{"self":[{"href":"https:\/\/stg.grkroccenter.org\/es\/wp-json\/wp\/v2\/pages\/1757","targetHints":{"allow":["GET"]}}],"collection":[{"href":"https:\/\/stg.grkroccenter.org\/es\/wp-json\/wp\/v2\/pages"}],"about":[{"href":"https:\/\/stg.grkroccenter.org\/es\/wp-json\/wp\/v2\/types\/page"}],"author":[{"embeddable":true,"href":"https:\/\/stg.grkroccenter.org\/es\/wp-json\/wp\/v2\/users\/6"}],"replies":[{"embeddable":true,"href":"https:\/\/stg.grkroccenter.org\/es\/wp-json\/wp\/v2\/comments?post=1757"}],"version-history":[{"count":0,"href":"https:\/\/stg.grkroccenter.org\/es\/wp-json\/wp\/v2\/pages\/1757\/revisions"}],"up":[{"embeddable":true,"href":"https:\/\/stg.grkroccenter.org\/es\/wp-json\/wp\/v2\/pages\/1753"}],"wp:attachment":[{"href":"https:\/\/stg.grkroccenter.org\/es\/wp-json\/wp\/v2\/media?parent=1757"}],"curies":[{"name":"wp","href":"https:\/\/api.w.org\/{rel}","templated":true}]}}