{"id":1755,"date":"2021-06-08T09:50:58","date_gmt":"2021-06-08T13:50:58","guid":{"rendered":"https:\/\/stg.grkroccenter.org\/conoce-mas\/empleo\/"},"modified":"2024-06-05T18:05:57","modified_gmt":"2024-06-05T22:05:57","slug":"empleo","status":"publish","type":"page","link":"https:\/\/stg.grkroccenter.org\/es\/conoce-mas\/empleo\/","title":{"rendered":"Empleo"},"content":{"rendered":"\n<div class=\"row is-layout-flex wp-container-core-columns-is-layout-9d6595d7 wp-block-columns-is-layout-flex\">\n<div class=\"col-md is-layout-flow wp-block-column-is-layout-flow\" style=\"flex-basis:20%\">\n<figure class=\"wp-block-image size-full\"><img loading=\"lazy\" decoding=\"async\" width=\"400\" height=\"400\" src=\"https:\/\/cms.grkroccenter.org\/wp-content\/uploads\/sites\/2\/2021\/06\/Albert.png\" alt=\"Empleado del Centro Kroc de Grand Rapids\" class=\"wp-image-383\" srcset=\"https:\/\/stg.grkroccenter.org\/wp-content\/uploads\/sites\/2\/2021\/06\/Albert.png 400w, https:\/\/stg.grkroccenter.org\/wp-content\/uploads\/sites\/2\/2021\/06\/Albert-300x300.png 300w, https:\/\/stg.grkroccenter.org\/wp-content\/uploads\/sites\/2\/2021\/06\/Albert-150x150.png 150w\" sizes=\"auto, (max-width: 400px) 100vw, 400px\" \/><\/figure>\n<\/div>\n\n\n\n<div class=\"col-md is-layout-flow wp-block-column-is-layout-flow\" style=\"flex-basis:20%\">\n<figure class=\"wp-block-image size-full\"><img loading=\"lazy\" decoding=\"async\" width=\"400\" height=\"400\" src=\"https:\/\/cms.grkroccenter.org\/wp-content\/uploads\/sites\/2\/2021\/06\/Kayla.png\" alt=\"Empleado del Centro Kroc de Grand Rapids\" class=\"wp-image-385\" srcset=\"https:\/\/stg.grkroccenter.org\/wp-content\/uploads\/sites\/2\/2021\/06\/Kayla.png 400w, https:\/\/stg.grkroccenter.org\/wp-content\/uploads\/sites\/2\/2021\/06\/Kayla-300x300.png 300w, https:\/\/stg.grkroccenter.org\/wp-content\/uploads\/sites\/2\/2021\/06\/Kayla-150x150.png 150w\" sizes=\"auto, (max-width: 400px) 100vw, 400px\" \/><\/figure>\n<\/div>\n\n\n\n<div class=\"col-md is-layout-flow wp-block-column-is-layout-flow\" style=\"flex-basis:20%\">\n<figure class=\"wp-block-image size-full\"><img loading=\"lazy\" decoding=\"async\" width=\"400\" height=\"400\" src=\"https:\/\/cms.grkroccenter.org\/wp-content\/uploads\/sites\/2\/2021\/06\/Eddie.png\" alt=\"Empleado del Centro Kroc de Grand Rapids\" class=\"wp-image-384\" srcset=\"https:\/\/stg.grkroccenter.org\/wp-content\/uploads\/sites\/2\/2021\/06\/Eddie.png 400w, https:\/\/stg.grkroccenter.org\/wp-content\/uploads\/sites\/2\/2021\/06\/Eddie-300x300.png 300w, https:\/\/stg.grkroccenter.org\/wp-content\/uploads\/sites\/2\/2021\/06\/Eddie-150x150.png 150w\" sizes=\"auto, (max-width: 400px) 100vw, 400px\" \/><\/figure>\n<\/div>\n\n\n\n<div class=\"col-md is-layout-flow wp-block-column-is-layout-flow\" style=\"flex-basis:20%\">\n<figure class=\"wp-block-image size-full\"><img loading=\"lazy\" decoding=\"async\" width=\"400\" height=\"400\" src=\"https:\/\/cms.grkroccenter.org\/wp-content\/uploads\/sites\/2\/2021\/06\/Melissa.png\" alt=\"Empleado del Centro Kroc de Grand Rapids\" class=\"wp-image-387\" srcset=\"https:\/\/stg.grkroccenter.org\/wp-content\/uploads\/sites\/2\/2021\/06\/Melissa.png 400w, https:\/\/stg.grkroccenter.org\/wp-content\/uploads\/sites\/2\/2021\/06\/Melissa-300x300.png 300w, https:\/\/stg.grkroccenter.org\/wp-content\/uploads\/sites\/2\/2021\/06\/Melissa-150x150.png 150w\" sizes=\"auto, (max-width: 400px) 100vw, 400px\" \/><\/figure>\n<\/div>\n\n\n\n<div class=\"col-md is-layout-flow wp-block-column-is-layout-flow\" style=\"flex-basis:20%\">\n<figure class=\"wp-block-image size-full\"><img loading=\"lazy\" decoding=\"async\" width=\"400\" height=\"400\" src=\"https:\/\/cms.grkroccenter.org\/wp-content\/uploads\/sites\/2\/2021\/06\/Kevin.png\" alt=\"Empleado del Centro Kroc de Grand Rapids\" class=\"wp-image-386\" srcset=\"https:\/\/stg.grkroccenter.org\/wp-content\/uploads\/sites\/2\/2021\/06\/Kevin.png 400w, https:\/\/stg.grkroccenter.org\/wp-content\/uploads\/sites\/2\/2021\/06\/Kevin-300x300.png 300w, https:\/\/stg.grkroccenter.org\/wp-content\/uploads\/sites\/2\/2021\/06\/Kevin-150x150.png 150w\" sizes=\"auto, (max-width: 400px) 100vw, 400px\" \/><\/figure>\n<\/div>\n<\/div>\n\n\n\n<h1 class=\"wp-block-heading has-text-align-center has-white-color has-red-background-color has-text-color has-background has-huge-font-size\"><strong>\u00a1El Centro Kroc est\u00e1 contratando!<\/strong><\/h1>\n\n\n\n<div class=\"wp-block-kroc-free-text-area section\"><div class=\"container\">\n<p>Nuestro entregado personal y nuestros voluntarios son parte de lo que hace que el Centro Kroc sea tan especial. Su compromiso de servir a los dem\u00e1s y crear un entorno acogedor ayuda a construir nuestra comunidad. \u00a1Estamos deseando que formes parte de la Kroc Krew!<\/p>\n\n\n\n<p>Los empleados del Centro Kroc tienen derecho a recibir:<\/p>\n\n\n\n<ul class=\"wp-block-list\">\n<li>Afiliaci\u00f3n gratuita al Centro Kroc: afiliaci\u00f3n gratuita para adultos siempre que trabajes un turno o des una clase a la semana<\/li>\n\n\n\n<li>Un programa nacional de descuentos, en el que los empleados del Ej\u00e9rcito de Salvaci\u00f3n pueden recibir precios especiales en servicios como alquiler de coches, seguros y m\u00e1s (consulta al departamento de recursos humanos para obtener m\u00e1s informaci\u00f3n).<\/li>\n\n\n\n<li>Comida, diversi\u00f3n y juegos durante eventos especiales patrocinados por el Comit\u00e9 E.A.T.* de Kroc <sub>*Employee Appreciation Taskforce (Grupo de Trabajo de Agradecimiento a los Empleados<\/sub>)<\/li>\n<\/ul>\n\n\n\n<p>Haz clic en los enlaces siguientes para acceder a las ofertas de empleo en l\u00ednea del Ej\u00e9rcito de Salvaci\u00f3n y comenzar tu solicitud digital.<\/p>\n<\/div><\/div>\n\n\n<!-- collapsible -->\n<section class=\"collapsible chl-block white\">\n  <div class=\"container\">\n    <div class=\"row\">\n\n                      <div class=\"col-12\">\n          <div class=\"collapse-toggle\">\n            <button class=\"btn btn-toggle blue\" type=\"button\" data-toggle=\"collapse\" data-target=\"#collapse1__A5CTV\" aria-expanded=\"false\" aria-controls=\"collapse1__A5CTV\">Asistentes y Supervisores de \u00c1rea<\/button>\n          <\/div>\n\n          <div class=\"collapse container\" id=\"collapse1__A5CTV\">\n\n                            <div class=\"collapsible-content row\">\n                                        <div class=\"col-sm\">\n                        <h3><a href=\"https:\/\/recruiting.adp.com\/srccar\/public\/nghome.guid?c=1177315&amp;d=ExternalCareerSite&amp;prc=RMPOD3&amp;r=5000878936706\" target=\"_blank\" rel=\"noopener\">Jefe de Acu\u00e1ticos<\/a><\/h3>\n<h3><a href=\"https:\/\/recruiting.adp.com\/srccar\/public\/nghome.guid?c=1177315&amp;d=ExternalCareerSite&amp;prc=RMPOD3&amp;r=5000855311906\">Auxiliar de Fitness<\/a><\/h3>\n<h3><a href=\"https:\/\/recruiting.adp.com\/srccar\/public\/nghome.guid?c=1177315&amp;d=ExternalCareerSite&amp;prc=RMPOD3&amp;r=5000871001306\" target=\"_blank\" rel=\"noopener\">Socorrista<\/a><\/h3>\n<h3><a href=\"https:\/\/recruiting.adp.com\/srccar\/public\/nghome.guid?c=1177315&amp;d=ExternalCareerSite&amp;prc=RMPOD3&amp;r=5000886636400\" target=\"_blank\" rel=\"noopener\">Responsable del mostrador de bienvenida (a tiempo parcial)<\/a><\/h3>\n                      <\/div>\n                                <\/div>\n                        <\/div>\n        <\/div>\n                      <div class=\"col-12\">\n          <div class=\"collapse-toggle\">\n            <button class=\"btn btn-toggle blue\" type=\"button\" data-toggle=\"collapse\" data-target=\"#collapse2__7DYK1\" aria-expanded=\"false\" aria-controls=\"collapse2__7DYK1\">Instructores y entrenadores<\/button>\n          <\/div>\n\n          <div class=\"collapse container\" id=\"collapse2__7DYK1\">\n\n                            <div class=\"collapsible-content row\">\n                                        <div class=\"col-sm\">\n                        <h3><a href=\"https:\/\/recruiting.adp.com\/srccar\/public\/nghome.guid?c=1177315&amp;d=ExternalCareerSite&amp;prc=RMPOD3&amp;r=5000877066206\" target=\"_blank\" rel=\"noopener\">Instructor de Arte<\/a><\/h3>\n<h3><a href=\"https:\/\/recruiting.adp.com\/srccar\/public\/nghome.guid?c=1177315&amp;d=ExternalCareerSite&amp;prc=RMPOD3&amp;r=5000878817906\" target=\"_blank\" rel=\"noopener\">Instructor de Fitness en Grupo<\/a><\/h3>\n<h3><a href=\"https:\/\/recruiting.adp.com\/srccar\/public\/RTI.home?c=1177315&amp;d=ExternalCareerSite&amp;r=5000797873406&amp;_fromPublish=true#\/\" target=\"_blank\" rel=\"noopener\">Entrenador personal<\/a><\/h3>\n<h3><a href=\"https:\/\/recruiting.adp.com\/srccar\/public\/nghome.guid?c=1177315&amp;d=ExternalCareerSite&amp;prc=RMPOD3&amp;r=5000851812306\" target=\"_blank\" rel=\"noopener\">Monitor de nataci\u00f3n<\/a><\/h3>\n                      <\/div>\n                                <\/div>\n                        <\/div>\n        <\/div>\n                      <div class=\"col-12\">\n          <div class=\"collapse-toggle\">\n            <button class=\"btn btn-toggle blue\" type=\"button\" data-toggle=\"collapse\" data-target=\"#collapse3__U71ET\" aria-expanded=\"false\" aria-controls=\"collapse3__U71ET\">Administraci\u00f3n del Centro Kroc<\/button>\n          <\/div>\n\n          <div class=\"collapse container\" id=\"collapse3__U71ET\">\n\n                            <div class=\"collapsible-content row\">\n                                        <div class=\"col-sm\">\n                        <h3>Ninguno disponible en este momento<\/h3>\n                      <\/div>\n                                <\/div>\n                        <\/div>\n        <\/div>\n      \n    <\/div>\n  <\/div>\n<\/section>\n<!-- \/collapsible -->\n\n\n\n\n<div style=\"text-align:center\" class=\"wp-block-genesis-blocks-gb-button gb-block-button\"><a href=\"https:\/\/recruiting.adp.com\/srccar\/public\/RTI.home?c=1177315#\/\" target=\"_blank\" rel=\"noopener noreferrer\" class=\"gb-button gb-button-shape-rounded gb-button-size-extralarge\" style=\"color:#ffffff;background-color:#ef3e42\">Buscar todos los trabajos de Ej\u00e9rcito de Salvaci\u00f3n<\/a><\/div>\n\n\n\n<h3 class=\"wp-block-heading has-text-align-center\">\u00bfTienes preguntas? Env\u00eda un correo electr\u00f3nico a nuestro Departamento de RRHH a <a href=\"mailto:WMIGrandRapidsKroc@usc.salvationarmy.org\">WMIGrandRapidsKroc@usc.salvationarmy.org<\/a><\/h3>\n\n\n\n<div class=\"wp-block-kroc-free-text-area section\"><div class=\"container\">\n<p><\/p>\n<\/div><\/div>\n","protected":false},"excerpt":{"rendered":"<p>\u00a1El Centro Kroc est\u00e1 contratando! \u00bfTienes preguntas? Env\u00eda un correo electr\u00f3nico a nuestro Departamento de RRHH a WMIGrandRapidsKroc@usc.salvationarmy.org<\/p>\n","protected":false},"author":6,"featured_media":0,"parent":1733,"menu_order":0,"comment_status":"closed","ping_status":"closed","template":"","meta":{"footnotes":""},"class_list":["post-1755","page","type-page","status-publish","hentry"],"yoast_head":"<!-- This site is optimized with the Yoast SEO plugin v22.8 - https:\/\/yoast.com\/wordpress\/plugins\/seo\/ -->\n<title>Empleo | Grand Rapids - The Salvation Army Kroc Center<\/title>\n<meta name=\"robots\" content=\"index, follow, max-snippet:-1, max-image-preview:large, max-video-preview:-1\" \/>\n<link rel=\"canonical\" href=\"https:\/\/stg.grkroccenter.org\/es\/conoce-mas\/empleo\/\" \/>\n<meta property=\"og:locale\" content=\"es_ES\" \/>\n<meta property=\"og:type\" content=\"article\" \/>\n<meta property=\"og:title\" content=\"Empleo | Grand Rapids - The Salvation Army Kroc Center\" \/>\n<meta property=\"og:description\" content=\"\u00a1El Centro Kroc est\u00e1 contratando! \u00bfTienes preguntas? Env\u00eda un correo electr\u00f3nico a nuestro Departamento de RRHH a WMIGrandRapidsKroc@usc.salvationarmy.org\" \/>\n<meta property=\"og:url\" content=\"https:\/\/stg.grkroccenter.org\/es\/conoce-mas\/empleo\/\" \/>\n<meta property=\"og:site_name\" content=\"Grand Rapids - The Salvation Army Kroc Center\" \/>\n<meta property=\"article:modified_time\" content=\"2024-06-05T22:05:57+00:00\" \/>\n<meta property=\"og:image\" content=\"https:\/\/cms.grkroccenter.org\/wp-content\/uploads\/sites\/2\/2021\/06\/Albert.png\" \/>\n<meta name=\"twitter:card\" content=\"summary_large_image\" \/>\n<script type=\"application\/ld+json\" class=\"yoast-schema-graph\">{\"@context\":\"https:\/\/schema.org\",\"@graph\":[{\"@type\":\"WebPage\",\"@id\":\"https:\/\/stg.grkroccenter.org\/es\/conoce-mas\/empleo\/\",\"url\":\"https:\/\/stg.grkroccenter.org\/es\/conoce-mas\/empleo\/\",\"name\":\"Empleo | Grand Rapids - The Salvation Army Kroc Center\",\"isPartOf\":{\"@id\":\"https:\/\/stg.grkroccenter.org\/es\/#website\"},\"primaryImageOfPage\":{\"@id\":\"https:\/\/stg.grkroccenter.org\/es\/conoce-mas\/empleo\/#primaryimage\"},\"image\":{\"@id\":\"https:\/\/stg.grkroccenter.org\/es\/conoce-mas\/empleo\/#primaryimage\"},\"thumbnailUrl\":\"https:\/\/cms.grkroccenter.org\/wp-content\/uploads\/sites\/2\/2021\/06\/Albert.png\",\"datePublished\":\"2021-06-08T13:50:58+00:00\",\"dateModified\":\"2024-06-05T22:05:57+00:00\",\"breadcrumb\":{\"@id\":\"https:\/\/stg.grkroccenter.org\/es\/conoce-mas\/empleo\/#breadcrumb\"},\"inLanguage\":\"es\",\"potentialAction\":[{\"@type\":\"ReadAction\",\"target\":[\"https:\/\/stg.grkroccenter.org\/es\/conoce-mas\/empleo\/\"]}]},{\"@type\":\"ImageObject\",\"inLanguage\":\"es\",\"@id\":\"https:\/\/stg.grkroccenter.org\/es\/conoce-mas\/empleo\/#primaryimage\",\"url\":\"https:\/\/cms.grkroccenter.org\/wp-content\/uploads\/sites\/2\/2021\/06\/Albert.png\",\"contentUrl\":\"https:\/\/cms.grkroccenter.org\/wp-content\/uploads\/sites\/2\/2021\/06\/Albert.png\"},{\"@type\":\"BreadcrumbList\",\"@id\":\"https:\/\/stg.grkroccenter.org\/es\/conoce-mas\/empleo\/#breadcrumb\",\"itemListElement\":[{\"@type\":\"ListItem\",\"position\":1,\"name\":\"Home\",\"item\":\"https:\/\/stg.grkroccenter.org\/es\/\"},{\"@type\":\"ListItem\",\"position\":2,\"name\":\"Conoce M\u00e1s\",\"item\":\"https:\/\/stg.grkroccenter.org\/es\/learn-more\/\"},{\"@type\":\"ListItem\",\"position\":3,\"name\":\"Empleo\"}]},{\"@type\":\"WebSite\",\"@id\":\"https:\/\/stg.grkroccenter.org\/es\/#website\",\"url\":\"https:\/\/stg.grkroccenter.org\/es\/\",\"name\":\"Grand Rapids - The Salvation Army Kroc Center\",\"description\":\"\",\"publisher\":{\"@id\":\"https:\/\/stg.grkroccenter.org\/es\/#organization\"},\"potentialAction\":[{\"@type\":\"SearchAction\",\"target\":{\"@type\":\"EntryPoint\",\"urlTemplate\":\"https:\/\/stg.grkroccenter.org\/es\/?s={search_term_string}\"},\"query-input\":\"required name=search_term_string\"}],\"inLanguage\":\"es\"},{\"@type\":\"Organization\",\"@id\":\"https:\/\/stg.grkroccenter.org\/es\/#organization\",\"name\":\"The Salvation Army Kroc Center\",\"url\":\"https:\/\/stg.grkroccenter.org\/es\/\",\"logo\":{\"@type\":\"ImageObject\",\"inLanguage\":\"es\",\"@id\":\"https:\/\/stg.grkroccenter.org\/es\/#\/schema\/logo\/image\/\",\"url\":\"https:\/\/cms.grkroccenter.org\/wp-content\/uploads\/sites\/2\/2021\/08\/Kroc_Secondary_GR.png\",\"contentUrl\":\"https:\/\/cms.grkroccenter.org\/wp-content\/uploads\/sites\/2\/2021\/08\/Kroc_Secondary_GR.png\",\"width\":1920,\"height\":1080,\"caption\":\"The Salvation Army Kroc Center\"},\"image\":{\"@id\":\"https:\/\/stg.grkroccenter.org\/es\/#\/schema\/logo\/image\/\"}}]}<\/script>\n<!-- \/ Yoast SEO plugin. -->","yoast_head_json":{"title":"Empleo | Grand Rapids - The Salvation Army Kroc Center","robots":{"index":"index","follow":"follow","max-snippet":"max-snippet:-1","max-image-preview":"max-image-preview:large","max-video-preview":"max-video-preview:-1"},"canonical":"https:\/\/stg.grkroccenter.org\/es\/conoce-mas\/empleo\/","og_locale":"es_ES","og_type":"article","og_title":"Empleo | Grand Rapids - The Salvation Army Kroc Center","og_description":"\u00a1El Centro Kroc est\u00e1 contratando! \u00bfTienes preguntas? Env\u00eda un correo electr\u00f3nico a nuestro Departamento de RRHH a WMIGrandRapidsKroc@usc.salvationarmy.org","og_url":"https:\/\/stg.grkroccenter.org\/es\/conoce-mas\/empleo\/","og_site_name":"Grand Rapids - The Salvation Army Kroc Center","article_modified_time":"2024-06-05T22:05:57+00:00","og_image":[{"url":"https:\/\/cms.grkroccenter.org\/wp-content\/uploads\/sites\/2\/2021\/06\/Albert.png"}],"twitter_card":"summary_large_image","schema":{"@context":"https:\/\/schema.org","@graph":[{"@type":"WebPage","@id":"https:\/\/stg.grkroccenter.org\/es\/conoce-mas\/empleo\/","url":"https:\/\/stg.grkroccenter.org\/es\/conoce-mas\/empleo\/","name":"Empleo | Grand Rapids - The Salvation Army Kroc Center","isPartOf":{"@id":"https:\/\/stg.grkroccenter.org\/es\/#website"},"primaryImageOfPage":{"@id":"https:\/\/stg.grkroccenter.org\/es\/conoce-mas\/empleo\/#primaryimage"},"image":{"@id":"https:\/\/stg.grkroccenter.org\/es\/conoce-mas\/empleo\/#primaryimage"},"thumbnailUrl":"https:\/\/cms.grkroccenter.org\/wp-content\/uploads\/sites\/2\/2021\/06\/Albert.png","datePublished":"2021-06-08T13:50:58+00:00","dateModified":"2024-06-05T22:05:57+00:00","breadcrumb":{"@id":"https:\/\/stg.grkroccenter.org\/es\/conoce-mas\/empleo\/#breadcrumb"},"inLanguage":"es","potentialAction":[{"@type":"ReadAction","target":["https:\/\/stg.grkroccenter.org\/es\/conoce-mas\/empleo\/"]}]},{"@type":"ImageObject","inLanguage":"es","@id":"https:\/\/stg.grkroccenter.org\/es\/conoce-mas\/empleo\/#primaryimage","url":"https:\/\/cms.grkroccenter.org\/wp-content\/uploads\/sites\/2\/2021\/06\/Albert.png","contentUrl":"https:\/\/cms.grkroccenter.org\/wp-content\/uploads\/sites\/2\/2021\/06\/Albert.png"},{"@type":"BreadcrumbList","@id":"https:\/\/stg.grkroccenter.org\/es\/conoce-mas\/empleo\/#breadcrumb","itemListElement":[{"@type":"ListItem","position":1,"name":"Home","item":"https:\/\/stg.grkroccenter.org\/es\/"},{"@type":"ListItem","position":2,"name":"Conoce M\u00e1s","item":"https:\/\/stg.grkroccenter.org\/es\/learn-more\/"},{"@type":"ListItem","position":3,"name":"Empleo"}]},{"@type":"WebSite","@id":"https:\/\/stg.grkroccenter.org\/es\/#website","url":"https:\/\/stg.grkroccenter.org\/es\/","name":"Grand Rapids - The Salvation Army Kroc Center","description":"","publisher":{"@id":"https:\/\/stg.grkroccenter.org\/es\/#organization"},"potentialAction":[{"@type":"SearchAction","target":{"@type":"EntryPoint","urlTemplate":"https:\/\/stg.grkroccenter.org\/es\/?s={search_term_string}"},"query-input":"required name=search_term_string"}],"inLanguage":"es"},{"@type":"Organization","@id":"https:\/\/stg.grkroccenter.org\/es\/#organization","name":"The Salvation Army Kroc Center","url":"https:\/\/stg.grkroccenter.org\/es\/","logo":{"@type":"ImageObject","inLanguage":"es","@id":"https:\/\/stg.grkroccenter.org\/es\/#\/schema\/logo\/image\/","url":"https:\/\/cms.grkroccenter.org\/wp-content\/uploads\/sites\/2\/2021\/08\/Kroc_Secondary_GR.png","contentUrl":"https:\/\/cms.grkroccenter.org\/wp-content\/uploads\/sites\/2\/2021\/08\/Kroc_Secondary_GR.png","width":1920,"height":1080,"caption":"The Salvation Army Kroc Center"},"image":{"@id":"https:\/\/stg.grkroccenter.org\/es\/#\/schema\/logo\/image\/"}}]}},"featured_image_src":null,"featured_image_src_square":null,"_links":{"self":[{"href":"https:\/\/stg.grkroccenter.org\/es\/wp-json\/wp\/v2\/pages\/1755","targetHints":{"allow":["GET"]}}],"collection":[{"href":"https:\/\/stg.grkroccenter.org\/es\/wp-json\/wp\/v2\/pages"}],"about":[{"href":"https:\/\/stg.grkroccenter.org\/es\/wp-json\/wp\/v2\/types\/page"}],"author":[{"embeddable":true,"href":"https:\/\/stg.grkroccenter.org\/es\/wp-json\/wp\/v2\/users\/6"}],"replies":[{"embeddable":true,"href":"https:\/\/stg.grkroccenter.org\/es\/wp-json\/wp\/v2\/comments?post=1755"}],"version-history":[{"count":0,"href":"https:\/\/stg.grkroccenter.org\/es\/wp-json\/wp\/v2\/pages\/1755\/revisions"}],"up":[{"embeddable":true,"href":"https:\/\/stg.grkroccenter.org\/es\/wp-json\/wp\/v2\/pages\/1733"}],"wp:attachment":[{"href":"https:\/\/stg.grkroccenter.org\/es\/wp-json\/wp\/v2\/media?parent=1755"}],"curies":[{"name":"wp","href":"https:\/\/api.w.org\/{rel}","templated":true}]}}