{"id":1753,"date":"2021-05-03T14:58:30","date_gmt":"2021-05-03T18:58:30","guid":{"rendered":"https:\/\/stg.grkroccenter.org\/conoce-mas\/involucrate\/"},"modified":"2024-06-05T18:03:19","modified_gmt":"2024-06-05T22:03:19","slug":"involucrate","status":"publish","type":"page","link":"https:\/\/stg.grkroccenter.org\/es\/conoce-mas\/involucrate\/","title":{"rendered":"Involucrate"},"content":{"rendered":"\n<!-- hero -->\n<section>\n  <a class=\"heroArrow\" tabindex=\"0\" title=\"Scroll Down\"><i class=\"fa fa-angle-down\"><\/i><\/a>\n  <div class=\"chl-block hero-slider\">\n                            <div class=\"home-hero\" style=\"background-image: url(https:\/\/stg.grkroccenter.org\/wp-content\/uploads\/sites\/2\/2021\/07\/art-2.jpg);\"><\/div>\n        \n                        <div class=\"home-hero\" style=\"background-image: url(https:\/\/stg.grkroccenter.org\/wp-content\/uploads\/sites\/2\/2021\/08\/face-painting.jpg);\"><\/div>\n        \n            <\/div>\n<\/section>\n<!-- \/hero -->\n\n<div class=\"wp-block-kroc-free-text-area section\"><div class=\"container\">\n<p><\/p>\n<\/div><\/div>\n\n<h2 class=\"has-text-align-center wp-block-heading\"><strong>\u00bfPor qu\u00e9 participar?<\/strong><\/h2>\n\n<div class=\"wp-block-kroc-free-text-area section\"><div class=\"container\">\n<p>Cuando haces un donativo -dinero, tiempo o energ\u00eda- al Centro Comunitario Ray y Joan Kroc Corps del Ej\u00e9rcito de Salvaci\u00f3n, pasas a formar parte del mayor proyecto jam\u00e1s emprendido por el Ej\u00e9rcito de Salvaci\u00f3n. Tu donativo se basa en la reputaci\u00f3n, la confianza y la credibilidad del Ej\u00e9rcito de Salvaci\u00f3n, que es bien conocido por sus continuos esfuerzos por socorrer a los necesitados.<\/p>\n<\/div><\/div>\n\n<div class=\"wp-block-kroc-free-text-area section\"><div class=\"container\">\n<div class=\"row is-layout-flex wp-container-core-columns-is-layout-9d6595d7 wp-block-columns-is-layout-flex\">\n<div class=\"col-md is-layout-flow wp-block-column-is-layout-flow\">\n<div class=\"wp-block-buttons is-layout-flex wp-block-buttons-is-layout-flex\">\n<div class=\"wp-block-button has-custom-width wp-block-button__width-100\"><a class=\"wp-block-button__link\" href=\"https:\/\/cms.grkroccenter.org\/learn-more\/careers\/\">Trabajar en el Kroc<\/a><\/div>\n<\/div>\n<\/div>\n\n\n\n<div class=\"col-md is-layout-flow wp-block-column-is-layout-flow\">\n<div class=\"wp-block-buttons is-layout-flex wp-block-buttons-is-layout-flex\">\n<div class=\"wp-block-button has-custom-width wp-block-button__width-100\"><a class=\"wp-block-button__link\" href=\"https:\/\/cms.grkroccenter.org\/learn-more\/get-involved\/volunteer\/\">Ofrece tu tiempo como voluntario<\/a><\/div>\n<\/div>\n<\/div>\n\n\n\n<div class=\"col-md is-layout-flow wp-block-column-is-layout-flow\">\n<div class=\"wp-block-buttons is-layout-flex wp-block-buttons-is-layout-flex\">\n<div class=\"wp-block-button has-custom-width wp-block-button__width-100\"><a class=\"wp-block-button__link\" href=\"https:\/\/cms.grkroccenter.org\/membership\/\">Conviertete en miembro<\/a><\/div>\n<\/div>\n<\/div>\n<\/div>\n<\/div><\/div>\n","protected":false},"excerpt":{"rendered":"<p>\u00bfPor qu\u00e9 participar?<\/p>\n","protected":false},"author":9,"featured_media":0,"parent":1733,"menu_order":0,"comment_status":"closed","ping_status":"closed","template":"","meta":{"footnotes":""},"class_list":["post-1753","page","type-page","status-publish","hentry"],"yoast_head":"<!-- This site is optimized with the Yoast SEO plugin v22.8 - https:\/\/yoast.com\/wordpress\/plugins\/seo\/ -->\n<title>Involucrate | Grand Rapids - The Salvation Army Kroc Center<\/title>\n<meta name=\"robots\" content=\"index, follow, max-snippet:-1, max-image-preview:large, max-video-preview:-1\" \/>\n<link rel=\"canonical\" href=\"https:\/\/stg.grkroccenter.org\/es\/conoce-mas\/involucrate\/\" \/>\n<meta property=\"og:locale\" content=\"es_ES\" \/>\n<meta property=\"og:type\" content=\"article\" \/>\n<meta property=\"og:title\" content=\"Involucrate | Grand Rapids - The Salvation Army Kroc Center\" \/>\n<meta property=\"og:description\" content=\"\u00bfPor qu\u00e9 participar?\" \/>\n<meta property=\"og:url\" content=\"https:\/\/stg.grkroccenter.org\/es\/conoce-mas\/involucrate\/\" \/>\n<meta property=\"og:site_name\" content=\"Grand Rapids - The Salvation Army Kroc Center\" \/>\n<meta property=\"article:modified_time\" content=\"2024-06-05T22:03:19+00:00\" \/>\n<meta name=\"twitter:card\" content=\"summary_large_image\" \/>\n<script type=\"application\/ld+json\" class=\"yoast-schema-graph\">{\"@context\":\"https:\/\/schema.org\",\"@graph\":[{\"@type\":\"WebPage\",\"@id\":\"https:\/\/stg.grkroccenter.org\/es\/conoce-mas\/involucrate\/\",\"url\":\"https:\/\/stg.grkroccenter.org\/es\/conoce-mas\/involucrate\/\",\"name\":\"Involucrate | Grand Rapids - The Salvation Army Kroc Center\",\"isPartOf\":{\"@id\":\"https:\/\/stg.grkroccenter.org\/es\/#website\"},\"datePublished\":\"2021-05-03T18:58:30+00:00\",\"dateModified\":\"2024-06-05T22:03:19+00:00\",\"breadcrumb\":{\"@id\":\"https:\/\/stg.grkroccenter.org\/es\/conoce-mas\/involucrate\/#breadcrumb\"},\"inLanguage\":\"es\",\"potentialAction\":[{\"@type\":\"ReadAction\",\"target\":[\"https:\/\/stg.grkroccenter.org\/es\/conoce-mas\/involucrate\/\"]}]},{\"@type\":\"BreadcrumbList\",\"@id\":\"https:\/\/stg.grkroccenter.org\/es\/conoce-mas\/involucrate\/#breadcrumb\",\"itemListElement\":[{\"@type\":\"ListItem\",\"position\":1,\"name\":\"Home\",\"item\":\"https:\/\/stg.grkroccenter.org\/es\/\"},{\"@type\":\"ListItem\",\"position\":2,\"name\":\"Conoce M\u00e1s\",\"item\":\"https:\/\/stg.grkroccenter.org\/es\/learn-more\/\"},{\"@type\":\"ListItem\",\"position\":3,\"name\":\"Involucrate\"}]},{\"@type\":\"WebSite\",\"@id\":\"https:\/\/stg.grkroccenter.org\/es\/#website\",\"url\":\"https:\/\/stg.grkroccenter.org\/es\/\",\"name\":\"Grand Rapids - The Salvation Army Kroc Center\",\"description\":\"\",\"publisher\":{\"@id\":\"https:\/\/stg.grkroccenter.org\/es\/#organization\"},\"potentialAction\":[{\"@type\":\"SearchAction\",\"target\":{\"@type\":\"EntryPoint\",\"urlTemplate\":\"https:\/\/stg.grkroccenter.org\/es\/?s={search_term_string}\"},\"query-input\":\"required name=search_term_string\"}],\"inLanguage\":\"es\"},{\"@type\":\"Organization\",\"@id\":\"https:\/\/stg.grkroccenter.org\/es\/#organization\",\"name\":\"The Salvation Army Kroc Center\",\"url\":\"https:\/\/stg.grkroccenter.org\/es\/\",\"logo\":{\"@type\":\"ImageObject\",\"inLanguage\":\"es\",\"@id\":\"https:\/\/stg.grkroccenter.org\/es\/#\/schema\/logo\/image\/\",\"url\":\"https:\/\/cms.grkroccenter.org\/wp-content\/uploads\/sites\/2\/2021\/08\/Kroc_Secondary_GR.png\",\"contentUrl\":\"https:\/\/cms.grkroccenter.org\/wp-content\/uploads\/sites\/2\/2021\/08\/Kroc_Secondary_GR.png\",\"width\":1920,\"height\":1080,\"caption\":\"The Salvation Army Kroc Center\"},\"image\":{\"@id\":\"https:\/\/stg.grkroccenter.org\/es\/#\/schema\/logo\/image\/\"}}]}<\/script>\n<!-- \/ Yoast SEO plugin. -->","yoast_head_json":{"title":"Involucrate | Grand Rapids - The Salvation Army Kroc Center","robots":{"index":"index","follow":"follow","max-snippet":"max-snippet:-1","max-image-preview":"max-image-preview:large","max-video-preview":"max-video-preview:-1"},"canonical":"https:\/\/stg.grkroccenter.org\/es\/conoce-mas\/involucrate\/","og_locale":"es_ES","og_type":"article","og_title":"Involucrate | Grand Rapids - The Salvation Army Kroc Center","og_description":"\u00bfPor qu\u00e9 participar?","og_url":"https:\/\/stg.grkroccenter.org\/es\/conoce-mas\/involucrate\/","og_site_name":"Grand Rapids - The Salvation Army Kroc Center","article_modified_time":"2024-06-05T22:03:19+00:00","twitter_card":"summary_large_image","schema":{"@context":"https:\/\/schema.org","@graph":[{"@type":"WebPage","@id":"https:\/\/stg.grkroccenter.org\/es\/conoce-mas\/involucrate\/","url":"https:\/\/stg.grkroccenter.org\/es\/conoce-mas\/involucrate\/","name":"Involucrate | Grand Rapids - The Salvation Army Kroc Center","isPartOf":{"@id":"https:\/\/stg.grkroccenter.org\/es\/#website"},"datePublished":"2021-05-03T18:58:30+00:00","dateModified":"2024-06-05T22:03:19+00:00","breadcrumb":{"@id":"https:\/\/stg.grkroccenter.org\/es\/conoce-mas\/involucrate\/#breadcrumb"},"inLanguage":"es","potentialAction":[{"@type":"ReadAction","target":["https:\/\/stg.grkroccenter.org\/es\/conoce-mas\/involucrate\/"]}]},{"@type":"BreadcrumbList","@id":"https:\/\/stg.grkroccenter.org\/es\/conoce-mas\/involucrate\/#breadcrumb","itemListElement":[{"@type":"ListItem","position":1,"name":"Home","item":"https:\/\/stg.grkroccenter.org\/es\/"},{"@type":"ListItem","position":2,"name":"Conoce M\u00e1s","item":"https:\/\/stg.grkroccenter.org\/es\/learn-more\/"},{"@type":"ListItem","position":3,"name":"Involucrate"}]},{"@type":"WebSite","@id":"https:\/\/stg.grkroccenter.org\/es\/#website","url":"https:\/\/stg.grkroccenter.org\/es\/","name":"Grand Rapids - The Salvation Army Kroc Center","description":"","publisher":{"@id":"https:\/\/stg.grkroccenter.org\/es\/#organization"},"potentialAction":[{"@type":"SearchAction","target":{"@type":"EntryPoint","urlTemplate":"https:\/\/stg.grkroccenter.org\/es\/?s={search_term_string}"},"query-input":"required name=search_term_string"}],"inLanguage":"es"},{"@type":"Organization","@id":"https:\/\/stg.grkroccenter.org\/es\/#organization","name":"The Salvation Army Kroc Center","url":"https:\/\/stg.grkroccenter.org\/es\/","logo":{"@type":"ImageObject","inLanguage":"es","@id":"https:\/\/stg.grkroccenter.org\/es\/#\/schema\/logo\/image\/","url":"https:\/\/cms.grkroccenter.org\/wp-content\/uploads\/sites\/2\/2021\/08\/Kroc_Secondary_GR.png","contentUrl":"https:\/\/cms.grkroccenter.org\/wp-content\/uploads\/sites\/2\/2021\/08\/Kroc_Secondary_GR.png","width":1920,"height":1080,"caption":"The Salvation Army Kroc Center"},"image":{"@id":"https:\/\/stg.grkroccenter.org\/es\/#\/schema\/logo\/image\/"}}]}},"featured_image_src":null,"featured_image_src_square":null,"_links":{"self":[{"href":"https:\/\/stg.grkroccenter.org\/es\/wp-json\/wp\/v2\/pages\/1753","targetHints":{"allow":["GET"]}}],"collection":[{"href":"https:\/\/stg.grkroccenter.org\/es\/wp-json\/wp\/v2\/pages"}],"about":[{"href":"https:\/\/stg.grkroccenter.org\/es\/wp-json\/wp\/v2\/types\/page"}],"author":[{"embeddable":true,"href":"https:\/\/stg.grkroccenter.org\/es\/wp-json\/wp\/v2\/users\/9"}],"replies":[{"embeddable":true,"href":"https:\/\/stg.grkroccenter.org\/es\/wp-json\/wp\/v2\/comments?post=1753"}],"version-history":[{"count":0,"href":"https:\/\/stg.grkroccenter.org\/es\/wp-json\/wp\/v2\/pages\/1753\/revisions"}],"up":[{"embeddable":true,"href":"https:\/\/stg.grkroccenter.org\/es\/wp-json\/wp\/v2\/pages\/1733"}],"wp:attachment":[{"href":"https:\/\/stg.grkroccenter.org\/es\/wp-json\/wp\/v2\/media?parent=1753"}],"curies":[{"name":"wp","href":"https:\/\/api.w.org\/{rel}","templated":true}]}}