{"id":1749,"date":"2021-05-03T14:57:31","date_gmt":"2021-05-03T18:57:31","guid":{"rendered":"https:\/\/stg.grkroccenter.org\/conoce-mas\/alquileres\/"},"modified":"2024-06-05T17:55:36","modified_gmt":"2024-06-05T21:55:36","slug":"alquileres","status":"publish","type":"page","link":"https:\/\/stg.grkroccenter.org\/es\/conoce-mas\/alquileres\/","title":{"rendered":"Alquileres"},"content":{"rendered":"\n<div class=\"row is-layout-flex wp-container-core-columns-is-layout-9d6595d7 wp-block-columns-is-layout-flex\">\n<div class=\"col-md is-layout-flow wp-block-column-is-layout-flow\" style=\"flex-basis:100%\">\n<div class=\"wp-block-kroc-free-text-area section\"><div class=\"container\">\n<h1 class=\"has-text-align-center wp-block-heading\"><strong>Grandes eventos tienen lugar en el Kroc<\/strong><\/h1>\n\n\n\n<figure class=\"wp-block-gallery has-nested-images columns-default is-cropped wp-block-gallery-1 is-layout-flex wp-block-gallery-is-layout-flex\">\n<figure class=\"wp-block-image size-large\"><img loading=\"lazy\" decoding=\"async\" width=\"1024\" height=\"702\" data-id=\"378\" src=\"https:\/\/cms.grkroccenter.org\/wp-content\/uploads\/sites\/2\/2021\/06\/WPAC2-1024x702.jpg\" alt=\"Centro de Adoraci&#xF3;n y Artes Esc&#xE9;nicas del Centro Kroc de Grand Rapids\" class=\"wp-image-378\" srcset=\"https:\/\/stg.grkroccenter.org\/wp-content\/uploads\/sites\/2\/2021\/06\/WPAC2-1024x702.jpg 1024w, https:\/\/stg.grkroccenter.org\/wp-content\/uploads\/sites\/2\/2021\/06\/WPAC2-300x206.jpg 300w, https:\/\/stg.grkroccenter.org\/wp-content\/uploads\/sites\/2\/2021\/06\/WPAC2-768x526.jpg 768w, https:\/\/stg.grkroccenter.org\/wp-content\/uploads\/sites\/2\/2021\/06\/WPAC2.jpg 1100w\" sizes=\"auto, (max-width: 1024px) 100vw, 1024px\" \/><figcaption>Centro de Adoraci\u00f3n y Artes Esc\u00e9nicas<\/figcaption><\/figure>\n\n\n\n<figure class=\"wp-block-image size-large\"><img loading=\"lazy\" decoding=\"async\" width=\"1024\" height=\"702\" data-id=\"369\" src=\"https:\/\/cms.grkroccenter.org\/wp-content\/uploads\/sites\/2\/2021\/06\/Outside5-1024x702.jpg\" alt=\"\" class=\"wp-image-369\" srcset=\"https:\/\/stg.grkroccenter.org\/wp-content\/uploads\/sites\/2\/2021\/06\/Outside5-1024x702.jpg 1024w, https:\/\/stg.grkroccenter.org\/wp-content\/uploads\/sites\/2\/2021\/06\/Outside5-300x206.jpg 300w, https:\/\/stg.grkroccenter.org\/wp-content\/uploads\/sites\/2\/2021\/06\/Outside5-768x526.jpg 768w, https:\/\/stg.grkroccenter.org\/wp-content\/uploads\/sites\/2\/2021\/06\/Outside5.jpg 1100w\" sizes=\"auto, (max-width: 1024px) 100vw, 1024px\" \/><figcaption>Anfiteatro al aire libre<\/figcaption><\/figure>\n\n\n\n<figure class=\"wp-block-image size-large\"><img loading=\"lazy\" decoding=\"async\" width=\"956\" height=\"450\" data-id=\"330\" src=\"https:\/\/cms.grkroccenter.org\/wp-content\/uploads\/sites\/2\/2021\/06\/rentals-corporate.jpg\" alt=\"\" class=\"wp-image-330\" srcset=\"https:\/\/stg.grkroccenter.org\/wp-content\/uploads\/sites\/2\/2021\/06\/rentals-corporate.jpg 956w, https:\/\/stg.grkroccenter.org\/wp-content\/uploads\/sites\/2\/2021\/06\/rentals-corporate-300x141.jpg 300w, https:\/\/stg.grkroccenter.org\/wp-content\/uploads\/sites\/2\/2021\/06\/rentals-corporate-768x362.jpg 768w\" sizes=\"auto, (max-width: 956px) 100vw, 956px\" \/><figcaption>Sal\u00f3n Fireside<\/figcaption><\/figure>\n<\/figure>\n<\/div><\/div>\n<\/div>\n<\/div>\n\n<div class=\"wp-block-kroc-free-text-area section\"><div class=\"container\">\n<p class=\"has-medium-font-size\">El Centro Kroc del Ej\u00e9rcito de Salvaci\u00f3n es el lugar perfecto para tu pr\u00f3xima reuni\u00f3n. Nuestras instalaciones est\u00e1n dise\u00f1adas para albergar m\u00faltiples eventos que se ajusten a cualquier presupuesto. Tanto si est\u00e1s planeando un retiro de empresa, una peque\u00f1a reuni\u00f3n o una gran presentaci\u00f3n, te invitamos a que vengas y explores lo que el Centro Kroc puede ofrecerte.<\/p>\n<\/div><\/div>\n\n<div class=\"wp-block-kroc-free-text-area section\"><div class=\"container\">\n<div class=\"wp-block-image\"><figure class=\"aligncenter size-large\"><img loading=\"lazy\" decoding=\"async\" width=\"1024\" height=\"791\" src=\"https:\/\/cms.grkroccenter.org\/wp-content\/uploads\/sites\/2\/2021\/09\/First-Floor-Layout-Rental-and-Rec-Areas-1024x791.jpg\" alt=\"\" class=\"wp-image-858\" srcset=\"https:\/\/stg.grkroccenter.org\/wp-content\/uploads\/sites\/2\/2021\/09\/First-Floor-Layout-Rental-and-Rec-Areas-1024x791.jpg 1024w, https:\/\/stg.grkroccenter.org\/wp-content\/uploads\/sites\/2\/2021\/09\/First-Floor-Layout-Rental-and-Rec-Areas-300x232.jpg 300w, https:\/\/stg.grkroccenter.org\/wp-content\/uploads\/sites\/2\/2021\/09\/First-Floor-Layout-Rental-and-Rec-Areas-768x593.jpg 768w, https:\/\/stg.grkroccenter.org\/wp-content\/uploads\/sites\/2\/2021\/09\/First-Floor-Layout-Rental-and-Rec-Areas-1536x1187.jpg 1536w, https:\/\/stg.grkroccenter.org\/wp-content\/uploads\/sites\/2\/2021\/09\/First-Floor-Layout-Rental-and-Rec-Areas.jpg 1650w\" sizes=\"auto, (max-width: 1024px) 100vw, 1024px\" \/><\/figure><\/div>\n<\/div><\/div>\n\n<div class=\"wp-block-kroc-free-text-area section\"><div class=\"container\">\n<figure class=\"wp-block-table is-style-stripes\"><table><thead><tr><th>\u00c1rea de alquiler<\/th><th>Capacidad  <\/th><th>Precio por hora<\/th><\/tr><\/thead><tbody><tr><td>Centro de Adoraci\u00f3n y Artes Esc\u00e9nicas<\/td><td>200<\/td><td>$170<\/td><\/tr><tr><td>Sala de M\u00fasica WPAC<\/td><td>40<\/td><td>$50<\/td><\/tr><tr><td>Sala Verde WPAC<\/td><td>30<\/td><td>$50<\/td><\/tr><tr><td>Sal\u00f3n Fireside (Completo)<\/td><td>200<\/td><td>$150<\/td><\/tr><tr><td>Sala Fireside (A\/B\/C o C\/D\/E)<\/td><td>150<\/td><td>$100<\/td><\/tr><tr><td>Sal\u00f3n Fireside (s\u00f3lo C)<\/td><td>100<\/td><td>$75<\/td><\/tr><tr><td>Sala Fireside (A\/B o D\/E)<\/td><td>50<\/td><td>$50<\/td><\/tr><tr><td>Sala Fireside (s\u00f3lo A, B, D o E)<\/td><td>25<\/td><td>$35<\/td><\/tr><tr><td>Anfiteatro al aire libre<\/td><td>350<\/td><td>$125<\/td><\/tr><\/tbody><\/table><\/figure>\n<\/div><\/div>\n\n<div class=\"wp-block-kroc-free-text-area section\"><div class=\"container\">\n<p>Utiliza los enlaces siguientes para descargar los formularios de alquiler. Env\u00eda la documentaci\u00f3n a <a href=\"mailto:WMIGrandRapidsKroc@usc.salvationarmy.org\">WMIGrandRapidsKroc@usc.salvationarmy.org<\/a> al menos dos semanas antes de la fecha de alquiler deseada. Los alquileres no se confirman hasta que se reciben todos los formularios correspondientes y se paga un dep\u00f3sito.<\/p>\n\n\n\n<div class=\"row is-layout-flex wp-container-core-columns-is-layout-9d6595d7 wp-block-columns-is-layout-flex\">\n<div class=\"col-md is-layout-flow wp-block-column-is-layout-flow\">\n<div class=\"wp-block-buttons is-horizontal is-content-justification-center is-layout-flex wp-container-core-buttons-is-layout-499968f5 wp-block-buttons-is-layout-flex\">\n<div class=\"wp-block-button has-custom-width wp-block-button__width-100\"><a class=\"wp-block-button__link has-light-blue-background-color has-background\" href=\"https:\/\/cms.grkroccenter.org\/wp-content\/uploads\/sites\/2\/2021\/09\/Events-Facility-Rental-Agreement-2021.pdf\" target=\"_blank\" rel=\"noreferrer noopener\">Solicitud de alquiler<\/a><\/div>\n<\/div>\n<\/div>\n\n\n\n<div class=\"col-md is-layout-flow wp-block-column-is-layout-flow\">\n<div class=\"wp-block-buttons is-horizontal is-content-justification-center is-layout-flex wp-container-core-buttons-is-layout-499968f5 wp-block-buttons-is-layout-flex\">\n<div class=\"wp-block-button has-custom-width wp-block-button__width-100\"><a class=\"wp-block-button__link has-light-blue-background-color has-background\" href=\"https:\/\/cms.grkroccenter.org\/wp-content\/uploads\/sites\/2\/2022\/06\/Events-Room-Rental-Rates-2022.pdf\" target=\"_blank\" rel=\"noreferrer noopener\">Hoja de tarifas de alquiler<\/a><\/div>\n<\/div>\n<\/div>\n\n\n\n<div class=\"col-md is-layout-flow wp-block-column-is-layout-flow\">\n<div class=\"wp-block-buttons is-horizontal is-content-justification-center is-layout-flex wp-container-core-buttons-is-layout-499968f5 wp-block-buttons-is-layout-flex\">\n<div class=\"wp-block-button has-custom-width wp-block-button__width-100\"><a class=\"wp-block-button__link has-light-blue-background-color has-background\" href=\"https:\/\/cms.grkroccenter.org\/wp-content\/uploads\/sites\/2\/2021\/09\/Events-Guidelines-Hold-Harmless-Agreement.pdf\" target=\"_blank\" rel=\"noreferrer noopener\">Directrices y exenciones<\/a><\/div>\n<\/div>\n<\/div>\n<\/div>\n<\/div><\/div>\n","protected":false},"excerpt":{"rendered":"","protected":false},"author":9,"featured_media":0,"parent":1733,"menu_order":0,"comment_status":"closed","ping_status":"closed","template":"","meta":{"footnotes":""},"class_list":["post-1749","page","type-page","status-publish","hentry"],"yoast_head":"<!-- This site is optimized with the Yoast SEO plugin v22.8 - https:\/\/yoast.com\/wordpress\/plugins\/seo\/ -->\n<title>Alquileres | Grand Rapids - The Salvation Army Kroc Center<\/title>\n<meta name=\"robots\" content=\"index, follow, max-snippet:-1, max-image-preview:large, max-video-preview:-1\" \/>\n<link rel=\"canonical\" href=\"https:\/\/stg.grkroccenter.org\/es\/conoce-mas\/alquileres\/\" \/>\n<meta property=\"og:locale\" content=\"es_ES\" \/>\n<meta property=\"og:type\" content=\"article\" \/>\n<meta property=\"og:title\" content=\"Alquileres | Grand Rapids - The Salvation Army Kroc Center\" \/>\n<meta property=\"og:url\" content=\"https:\/\/stg.grkroccenter.org\/es\/conoce-mas\/alquileres\/\" \/>\n<meta property=\"og:site_name\" content=\"Grand Rapids - The Salvation Army Kroc Center\" \/>\n<meta property=\"article:modified_time\" content=\"2024-06-05T21:55:36+00:00\" \/>\n<meta property=\"og:image\" content=\"https:\/\/cms.grkroccenter.org\/wp-content\/uploads\/sites\/2\/2021\/06\/WPAC2-1024x702.jpg\" \/>\n<meta name=\"twitter:card\" content=\"summary_large_image\" \/>\n<script type=\"application\/ld+json\" class=\"yoast-schema-graph\">{\"@context\":\"https:\/\/schema.org\",\"@graph\":[{\"@type\":\"WebPage\",\"@id\":\"https:\/\/stg.grkroccenter.org\/es\/conoce-mas\/alquileres\/\",\"url\":\"https:\/\/stg.grkroccenter.org\/es\/conoce-mas\/alquileres\/\",\"name\":\"Alquileres | Grand Rapids - The Salvation Army Kroc Center\",\"isPartOf\":{\"@id\":\"https:\/\/stg.grkroccenter.org\/es\/#website\"},\"primaryImageOfPage\":{\"@id\":\"https:\/\/stg.grkroccenter.org\/es\/conoce-mas\/alquileres\/#primaryimage\"},\"image\":{\"@id\":\"https:\/\/stg.grkroccenter.org\/es\/conoce-mas\/alquileres\/#primaryimage\"},\"thumbnailUrl\":\"https:\/\/cms.grkroccenter.org\/wp-content\/uploads\/sites\/2\/2021\/06\/WPAC2-1024x702.jpg\",\"datePublished\":\"2021-05-03T18:57:31+00:00\",\"dateModified\":\"2024-06-05T21:55:36+00:00\",\"breadcrumb\":{\"@id\":\"https:\/\/stg.grkroccenter.org\/es\/conoce-mas\/alquileres\/#breadcrumb\"},\"inLanguage\":\"es\",\"potentialAction\":[{\"@type\":\"ReadAction\",\"target\":[\"https:\/\/stg.grkroccenter.org\/es\/conoce-mas\/alquileres\/\"]}]},{\"@type\":\"ImageObject\",\"inLanguage\":\"es\",\"@id\":\"https:\/\/stg.grkroccenter.org\/es\/conoce-mas\/alquileres\/#primaryimage\",\"url\":\"https:\/\/cms.grkroccenter.org\/wp-content\/uploads\/sites\/2\/2021\/06\/WPAC2-1024x702.jpg\",\"contentUrl\":\"https:\/\/cms.grkroccenter.org\/wp-content\/uploads\/sites\/2\/2021\/06\/WPAC2-1024x702.jpg\"},{\"@type\":\"BreadcrumbList\",\"@id\":\"https:\/\/stg.grkroccenter.org\/es\/conoce-mas\/alquileres\/#breadcrumb\",\"itemListElement\":[{\"@type\":\"ListItem\",\"position\":1,\"name\":\"Home\",\"item\":\"https:\/\/stg.grkroccenter.org\/es\/\"},{\"@type\":\"ListItem\",\"position\":2,\"name\":\"Conoce M\u00e1s\",\"item\":\"https:\/\/stg.grkroccenter.org\/es\/learn-more\/\"},{\"@type\":\"ListItem\",\"position\":3,\"name\":\"Alquileres\"}]},{\"@type\":\"WebSite\",\"@id\":\"https:\/\/stg.grkroccenter.org\/es\/#website\",\"url\":\"https:\/\/stg.grkroccenter.org\/es\/\",\"name\":\"Grand Rapids - The Salvation Army Kroc Center\",\"description\":\"\",\"publisher\":{\"@id\":\"https:\/\/stg.grkroccenter.org\/es\/#organization\"},\"potentialAction\":[{\"@type\":\"SearchAction\",\"target\":{\"@type\":\"EntryPoint\",\"urlTemplate\":\"https:\/\/stg.grkroccenter.org\/es\/?s={search_term_string}\"},\"query-input\":\"required name=search_term_string\"}],\"inLanguage\":\"es\"},{\"@type\":\"Organization\",\"@id\":\"https:\/\/stg.grkroccenter.org\/es\/#organization\",\"name\":\"The Salvation Army Kroc Center\",\"url\":\"https:\/\/stg.grkroccenter.org\/es\/\",\"logo\":{\"@type\":\"ImageObject\",\"inLanguage\":\"es\",\"@id\":\"https:\/\/stg.grkroccenter.org\/es\/#\/schema\/logo\/image\/\",\"url\":\"https:\/\/cms.grkroccenter.org\/wp-content\/uploads\/sites\/2\/2021\/08\/Kroc_Secondary_GR.png\",\"contentUrl\":\"https:\/\/cms.grkroccenter.org\/wp-content\/uploads\/sites\/2\/2021\/08\/Kroc_Secondary_GR.png\",\"width\":1920,\"height\":1080,\"caption\":\"The Salvation Army Kroc Center\"},\"image\":{\"@id\":\"https:\/\/stg.grkroccenter.org\/es\/#\/schema\/logo\/image\/\"}}]}<\/script>\n<!-- \/ Yoast SEO plugin. -->","yoast_head_json":{"title":"Alquileres | Grand Rapids - The Salvation Army Kroc Center","robots":{"index":"index","follow":"follow","max-snippet":"max-snippet:-1","max-image-preview":"max-image-preview:large","max-video-preview":"max-video-preview:-1"},"canonical":"https:\/\/stg.grkroccenter.org\/es\/conoce-mas\/alquileres\/","og_locale":"es_ES","og_type":"article","og_title":"Alquileres | Grand Rapids - The Salvation Army Kroc Center","og_url":"https:\/\/stg.grkroccenter.org\/es\/conoce-mas\/alquileres\/","og_site_name":"Grand Rapids - The Salvation Army Kroc Center","article_modified_time":"2024-06-05T21:55:36+00:00","og_image":[{"url":"https:\/\/cms.grkroccenter.org\/wp-content\/uploads\/sites\/2\/2021\/06\/WPAC2-1024x702.jpg"}],"twitter_card":"summary_large_image","schema":{"@context":"https:\/\/schema.org","@graph":[{"@type":"WebPage","@id":"https:\/\/stg.grkroccenter.org\/es\/conoce-mas\/alquileres\/","url":"https:\/\/stg.grkroccenter.org\/es\/conoce-mas\/alquileres\/","name":"Alquileres | Grand Rapids - The Salvation Army Kroc Center","isPartOf":{"@id":"https:\/\/stg.grkroccenter.org\/es\/#website"},"primaryImageOfPage":{"@id":"https:\/\/stg.grkroccenter.org\/es\/conoce-mas\/alquileres\/#primaryimage"},"image":{"@id":"https:\/\/stg.grkroccenter.org\/es\/conoce-mas\/alquileres\/#primaryimage"},"thumbnailUrl":"https:\/\/cms.grkroccenter.org\/wp-content\/uploads\/sites\/2\/2021\/06\/WPAC2-1024x702.jpg","datePublished":"2021-05-03T18:57:31+00:00","dateModified":"2024-06-05T21:55:36+00:00","breadcrumb":{"@id":"https:\/\/stg.grkroccenter.org\/es\/conoce-mas\/alquileres\/#breadcrumb"},"inLanguage":"es","potentialAction":[{"@type":"ReadAction","target":["https:\/\/stg.grkroccenter.org\/es\/conoce-mas\/alquileres\/"]}]},{"@type":"ImageObject","inLanguage":"es","@id":"https:\/\/stg.grkroccenter.org\/es\/conoce-mas\/alquileres\/#primaryimage","url":"https:\/\/cms.grkroccenter.org\/wp-content\/uploads\/sites\/2\/2021\/06\/WPAC2-1024x702.jpg","contentUrl":"https:\/\/cms.grkroccenter.org\/wp-content\/uploads\/sites\/2\/2021\/06\/WPAC2-1024x702.jpg"},{"@type":"BreadcrumbList","@id":"https:\/\/stg.grkroccenter.org\/es\/conoce-mas\/alquileres\/#breadcrumb","itemListElement":[{"@type":"ListItem","position":1,"name":"Home","item":"https:\/\/stg.grkroccenter.org\/es\/"},{"@type":"ListItem","position":2,"name":"Conoce M\u00e1s","item":"https:\/\/stg.grkroccenter.org\/es\/learn-more\/"},{"@type":"ListItem","position":3,"name":"Alquileres"}]},{"@type":"WebSite","@id":"https:\/\/stg.grkroccenter.org\/es\/#website","url":"https:\/\/stg.grkroccenter.org\/es\/","name":"Grand Rapids - The Salvation Army Kroc Center","description":"","publisher":{"@id":"https:\/\/stg.grkroccenter.org\/es\/#organization"},"potentialAction":[{"@type":"SearchAction","target":{"@type":"EntryPoint","urlTemplate":"https:\/\/stg.grkroccenter.org\/es\/?s={search_term_string}"},"query-input":"required name=search_term_string"}],"inLanguage":"es"},{"@type":"Organization","@id":"https:\/\/stg.grkroccenter.org\/es\/#organization","name":"The Salvation Army Kroc Center","url":"https:\/\/stg.grkroccenter.org\/es\/","logo":{"@type":"ImageObject","inLanguage":"es","@id":"https:\/\/stg.grkroccenter.org\/es\/#\/schema\/logo\/image\/","url":"https:\/\/cms.grkroccenter.org\/wp-content\/uploads\/sites\/2\/2021\/08\/Kroc_Secondary_GR.png","contentUrl":"https:\/\/cms.grkroccenter.org\/wp-content\/uploads\/sites\/2\/2021\/08\/Kroc_Secondary_GR.png","width":1920,"height":1080,"caption":"The Salvation Army Kroc Center"},"image":{"@id":"https:\/\/stg.grkroccenter.org\/es\/#\/schema\/logo\/image\/"}}]}},"featured_image_src":null,"featured_image_src_square":null,"_links":{"self":[{"href":"https:\/\/stg.grkroccenter.org\/es\/wp-json\/wp\/v2\/pages\/1749","targetHints":{"allow":["GET"]}}],"collection":[{"href":"https:\/\/stg.grkroccenter.org\/es\/wp-json\/wp\/v2\/pages"}],"about":[{"href":"https:\/\/stg.grkroccenter.org\/es\/wp-json\/wp\/v2\/types\/page"}],"author":[{"embeddable":true,"href":"https:\/\/stg.grkroccenter.org\/es\/wp-json\/wp\/v2\/users\/9"}],"replies":[{"embeddable":true,"href":"https:\/\/stg.grkroccenter.org\/es\/wp-json\/wp\/v2\/comments?post=1749"}],"version-history":[{"count":0,"href":"https:\/\/stg.grkroccenter.org\/es\/wp-json\/wp\/v2\/pages\/1749\/revisions"}],"up":[{"embeddable":true,"href":"https:\/\/stg.grkroccenter.org\/es\/wp-json\/wp\/v2\/pages\/1733"}],"wp:attachment":[{"href":"https:\/\/stg.grkroccenter.org\/es\/wp-json\/wp\/v2\/media?parent=1749"}],"curies":[{"name":"wp","href":"https:\/\/api.w.org\/{rel}","templated":true}]}}