{"id":1746,"date":"2021-05-04T17:35:31","date_gmt":"2021-05-04T21:35:31","guid":{"rendered":"https:\/\/stg.grkroccenter.org\/conoce-mas\/kroc-features-amenities\/"},"modified":"2024-05-30T12:06:33","modified_gmt":"2024-05-30T16:06:33","slug":"kroc-features-amenities","status":"publish","type":"page","link":"https:\/\/stg.grkroccenter.org\/es\/conoce-mas\/kroc-features-amenities\/","title":{"rendered":"Kroc Features &#038; Amenities"},"content":{"rendered":"\n<div class=\"wp-block-kroc-free-text-area section has-red-background-color has-background\"><div class=\"container\">\n<h2 class=\"wp-block-heading\">Bienvenido al Centro Kroc, un lugar para todos.<\/h2>\n\n\n\n<p>Situado en 20 acres, el Centro Kroc del Ej\u00e9rcito de Salvaci\u00f3n, de 105.000 pies cuadrados, es el \u00fanico centro comunitario de este tipo en la ciudad de Grand Rapids. Es un lugar donde personas j\u00f3venes y mayores tienen oportunidades de aprender y crecer, de construir sue\u00f1os y amistades, y de encontrar esperanza en un entorno seguro, c\u00e1lido y acogedor. Desde los que nadan por primera vez hasta los atletas experimentados, el Centro Kroc del Ej\u00e9rcito de Salvaci\u00f3n tiene algo para ti y tu familia.<\/p>\n<\/div><\/div>\n\n<div class=\"wp-block-kroc-free-text-area section\"><div class=\"container\">\n<h3 class=\"has-text-align-center wp-block-heading\">Gimnasio<\/h3>\n\n\n\n<figure class=\"wp-block-gallery columns-4 is-cropped wp-block-gallery-1 is-layout-flex wp-block-gallery-is-layout-flex\"><ul class=\"blocks-gallery-grid\"><li class=\"blocks-gallery-item\"><figure><img decoding=\"async\" src=\"https:\/\/cms.grkroccenter.org\/wp-content\/uploads\/sites\/2\/2021\/06\/Fitness3-1024x702.jpg\" alt=\"\" data-id=\"356\" data-full-url=\"https:\/\/cms.grkroccenter.org\/wp-content\/uploads\/sites\/2\/2021\/06\/Fitness3.jpg\" data-link=\"https:\/\/cms.grkroccenter.org\/learn-more\/hours\/fitness3\/\" class=\"wp-image-356\"\/><figcaption class=\"blocks-gallery-item__caption\">Los equipos de cardio incluyen cintas de correr, bicicletas est\u00e1ticas y reclinadas, el\u00edpticas, steppers y mucho m\u00e1s<\/figcaption><\/figure><\/li><li class=\"blocks-gallery-item\"><figure><img decoding=\"async\" src=\"https:\/\/cms.grkroccenter.org\/wp-content\/uploads\/sites\/2\/2021\/06\/Fitness-1024x702.jpg\" alt=\"\" data-id=\"353\" data-full-url=\"https:\/\/cms.grkroccenter.org\/wp-content\/uploads\/sites\/2\/2021\/06\/Fitness.jpg\" data-link=\"https:\/\/cms.grkroccenter.org\/learn-more\/hours\/fitness-2\/\" class=\"wp-image-353\"\/><figcaption class=\"blocks-gallery-item__caption\">Pista cubierta (13 vueltas = 1 milla)<\/figcaption><\/figure><\/li><li class=\"blocks-gallery-item\"><figure><img loading=\"lazy\" decoding=\"async\" width=\"1024\" height=\"702\" src=\"https:\/\/cms.grkroccenter.org\/wp-content\/uploads\/sites\/2\/2021\/06\/Fitness1-1024x702.jpg\" alt=\"\" data-id=\"354\" data-full-url=\"https:\/\/cms.grkroccenter.org\/wp-content\/uploads\/sites\/2\/2021\/06\/Fitness1.jpg\" data-link=\"https:\/\/cms.grkroccenter.org\/learn-more\/hours\/fitness1\/\" class=\"wp-image-354\" srcset=\"https:\/\/stg.grkroccenter.org\/wp-content\/uploads\/sites\/2\/2021\/06\/Fitness1-1024x702.jpg 1024w, https:\/\/stg.grkroccenter.org\/wp-content\/uploads\/sites\/2\/2021\/06\/Fitness1-300x206.jpg 300w, https:\/\/stg.grkroccenter.org\/wp-content\/uploads\/sites\/2\/2021\/06\/Fitness1-768x526.jpg 768w, https:\/\/stg.grkroccenter.org\/wp-content\/uploads\/sites\/2\/2021\/06\/Fitness1.jpg 1100w\" sizes=\"auto, (max-width: 1024px) 100vw, 1024px\" \/><figcaption class=\"blocks-gallery-item__caption\">Una amplia variedad de clases de ejercicio en grupo para todos los niveles de forma f\u00edsica<\/figcaption><\/figure><\/li><li class=\"blocks-gallery-item\"><figure><img loading=\"lazy\" decoding=\"async\" width=\"1024\" height=\"702\" src=\"https:\/\/cms.grkroccenter.org\/wp-content\/uploads\/sites\/2\/2021\/06\/Fitness2-1024x702.jpg\" alt=\"\" data-id=\"355\" data-full-url=\"https:\/\/cms.grkroccenter.org\/wp-content\/uploads\/sites\/2\/2021\/06\/Fitness2.jpg\" data-link=\"https:\/\/cms.grkroccenter.org\/learn-more\/hours\/fitness2\/\" class=\"wp-image-355\" srcset=\"https:\/\/stg.grkroccenter.org\/wp-content\/uploads\/sites\/2\/2021\/06\/Fitness2-1024x702.jpg 1024w, https:\/\/stg.grkroccenter.org\/wp-content\/uploads\/sites\/2\/2021\/06\/Fitness2-300x206.jpg 300w, https:\/\/stg.grkroccenter.org\/wp-content\/uploads\/sites\/2\/2021\/06\/Fitness2-768x526.jpg 768w, https:\/\/stg.grkroccenter.org\/wp-content\/uploads\/sites\/2\/2021\/06\/Fitness2.jpg 1100w\" sizes=\"auto, (max-width: 1024px) 100vw, 1024px\" \/><figcaption class=\"blocks-gallery-item__caption\">Zona de peso libre con bancos, mancuernas, kettlebells, barras de dominadas y m\u00e1s<\/figcaption><\/figure><\/li><\/ul><\/figure>\n\n\n\n<h3 class=\"has-text-align-center wp-block-heading\">Centro Acu\u00e1tico<\/h3>\n\n\n\n<figure class=\"wp-block-gallery columns-4 is-cropped wp-block-gallery-2 is-layout-flex wp-block-gallery-is-layout-flex\"><ul class=\"blocks-gallery-grid\"><li class=\"blocks-gallery-item\"><figure><img loading=\"lazy\" decoding=\"async\" width=\"1024\" height=\"702\" src=\"https:\/\/cms.grkroccenter.org\/wp-content\/uploads\/sites\/2\/2021\/06\/Pool-3-1024x702.jpg\" alt=\"\" data-id=\"373\" data-full-url=\"https:\/\/cms.grkroccenter.org\/wp-content\/uploads\/sites\/2\/2021\/06\/Pool-3.jpg\" data-link=\"https:\/\/cms.grkroccenter.org\/learn-more\/hours\/pool-3\/\" class=\"wp-image-373\" srcset=\"https:\/\/stg.grkroccenter.org\/wp-content\/uploads\/sites\/2\/2021\/06\/Pool-3-1024x702.jpg 1024w, https:\/\/stg.grkroccenter.org\/wp-content\/uploads\/sites\/2\/2021\/06\/Pool-3-300x206.jpg 300w, https:\/\/stg.grkroccenter.org\/wp-content\/uploads\/sites\/2\/2021\/06\/Pool-3-768x526.jpg 768w, https:\/\/stg.grkroccenter.org\/wp-content\/uploads\/sites\/2\/2021\/06\/Pool-3.jpg 1100w\" sizes=\"auto, (max-width: 1024px) 100vw, 1024px\" \/><figcaption class=\"blocks-gallery-item__caption\">Tres carriles de 25 yardas<\/figcaption><\/figure><\/li><li class=\"blocks-gallery-item\"><figure><img decoding=\"async\" src=\"https:\/\/cms.grkroccenter.org\/wp-content\/uploads\/sites\/2\/2021\/06\/Pool-5-1024x702.jpg\" alt=\"\" data-id=\"375\" data-full-url=\"https:\/\/cms.grkroccenter.org\/wp-content\/uploads\/sites\/2\/2021\/06\/Pool-5.jpg\" data-link=\"https:\/\/cms.grkroccenter.org\/learn-more\/hours\/pool-5\/\" class=\"wp-image-375\"\/><figcaption class=\"blocks-gallery-item__caption\">R\u00edo lento, tobog\u00e1n gigante y zona de juegos de profundidad cero<\/figcaption><\/figure><\/li><li class=\"blocks-gallery-item\"><figure><img loading=\"lazy\" decoding=\"async\" width=\"1024\" height=\"702\" src=\"https:\/\/cms.grkroccenter.org\/wp-content\/uploads\/sites\/2\/2021\/06\/Pool-4-1024x702.jpg\" alt=\"\" data-id=\"374\" data-full-url=\"https:\/\/cms.grkroccenter.org\/wp-content\/uploads\/sites\/2\/2021\/06\/Pool-4.jpg\" data-link=\"https:\/\/cms.grkroccenter.org\/learn-more\/hours\/pool-4\/\" class=\"wp-image-374\" srcset=\"https:\/\/stg.grkroccenter.org\/wp-content\/uploads\/sites\/2\/2021\/06\/Pool-4-1024x702.jpg 1024w, https:\/\/stg.grkroccenter.org\/wp-content\/uploads\/sites\/2\/2021\/06\/Pool-4-300x206.jpg 300w, https:\/\/stg.grkroccenter.org\/wp-content\/uploads\/sites\/2\/2021\/06\/Pool-4-768x526.jpg 768w, https:\/\/stg.grkroccenter.org\/wp-content\/uploads\/sites\/2\/2021\/06\/Pool-4.jpg 1100w\" sizes=\"auto, (max-width: 1024px) 100vw, 1024px\" \/><figcaption class=\"blocks-gallery-item__caption\">Clases de nataci\u00f3n para todas las edades<\/figcaption><\/figure><\/li><li class=\"blocks-gallery-item\"><figure><img loading=\"lazy\" decoding=\"async\" width=\"1024\" height=\"702\" src=\"https:\/\/cms.grkroccenter.org\/wp-content\/uploads\/sites\/2\/2021\/06\/Pool-6-1024x702.jpg\" alt=\"\" data-id=\"376\" data-full-url=\"https:\/\/cms.grkroccenter.org\/wp-content\/uploads\/sites\/2\/2021\/06\/Pool-6.jpg\" data-link=\"https:\/\/cms.grkroccenter.org\/learn-more\/hours\/pool-6\/\" class=\"wp-image-376\" srcset=\"https:\/\/stg.grkroccenter.org\/wp-content\/uploads\/sites\/2\/2021\/06\/Pool-6-1024x702.jpg 1024w, https:\/\/stg.grkroccenter.org\/wp-content\/uploads\/sites\/2\/2021\/06\/Pool-6-300x206.jpg 300w, https:\/\/stg.grkroccenter.org\/wp-content\/uploads\/sites\/2\/2021\/06\/Pool-6-768x526.jpg 768w, https:\/\/stg.grkroccenter.org\/wp-content\/uploads\/sites\/2\/2021\/06\/Pool-6.jpg 1100w\" sizes=\"auto, (max-width: 1024px) 100vw, 1024px\" \/><figcaption class=\"blocks-gallery-item__caption\">Chapoteadero al aire libre (s\u00f3lo en verano)<\/figcaption><\/figure><\/li><\/ul><\/figure>\n\n\n\n<h3 class=\"has-text-align-center wp-block-heading\">Instalaciones deportivas y recreativas<\/h3>\n\n\n\n<figure class=\"wp-block-gallery columns-4 is-cropped wp-block-gallery-3 is-layout-flex wp-block-gallery-is-layout-flex\"><ul class=\"blocks-gallery-grid\"><li class=\"blocks-gallery-item\"><figure><img loading=\"lazy\" decoding=\"async\" width=\"1024\" height=\"702\" src=\"https:\/\/cms.grkroccenter.org\/wp-content\/uploads\/sites\/2\/2021\/06\/GymClimb4-1024x702.jpg\" alt=\"\" data-id=\"363\" data-full-url=\"https:\/\/cms.grkroccenter.org\/wp-content\/uploads\/sites\/2\/2021\/06\/GymClimb4.jpg\" data-link=\"https:\/\/cms.grkroccenter.org\/learn-more\/hours\/gymclimb4\/\" class=\"wp-image-363\" srcset=\"https:\/\/stg.grkroccenter.org\/wp-content\/uploads\/sites\/2\/2021\/06\/GymClimb4-1024x702.jpg 1024w, https:\/\/stg.grkroccenter.org\/wp-content\/uploads\/sites\/2\/2021\/06\/GymClimb4-300x206.jpg 300w, https:\/\/stg.grkroccenter.org\/wp-content\/uploads\/sites\/2\/2021\/06\/GymClimb4-768x526.jpg 768w, https:\/\/stg.grkroccenter.org\/wp-content\/uploads\/sites\/2\/2021\/06\/GymClimb4.jpg 1100w\" sizes=\"auto, (max-width: 1024px) 100vw, 1024px\" \/><figcaption class=\"blocks-gallery-item__caption\">Gimnasio con dos pistas para baloncesto, voleibol y mucho m\u00e1s<\/figcaption><\/figure><\/li><li class=\"blocks-gallery-item\"><figure><img loading=\"lazy\" decoding=\"async\" width=\"1024\" height=\"702\" src=\"https:\/\/cms.grkroccenter.org\/wp-content\/uploads\/sites\/2\/2021\/06\/GymClimb1-1024x702.jpg\" alt=\"\" data-id=\"360\" data-full-url=\"https:\/\/cms.grkroccenter.org\/wp-content\/uploads\/sites\/2\/2021\/06\/GymClimb1.jpg\" data-link=\"https:\/\/cms.grkroccenter.org\/learn-more\/hours\/gymclimb1\/\" class=\"wp-image-360\" srcset=\"https:\/\/stg.grkroccenter.org\/wp-content\/uploads\/sites\/2\/2021\/06\/GymClimb1-1024x702.jpg 1024w, https:\/\/stg.grkroccenter.org\/wp-content\/uploads\/sites\/2\/2021\/06\/GymClimb1-300x206.jpg 300w, https:\/\/stg.grkroccenter.org\/wp-content\/uploads\/sites\/2\/2021\/06\/GymClimb1-768x526.jpg 768w, https:\/\/stg.grkroccenter.org\/wp-content\/uploads\/sites\/2\/2021\/06\/GymClimb1.jpg 1100w\" sizes=\"auto, (max-width: 1024px) 100vw, 1024px\" \/><figcaption class=\"blocks-gallery-item__caption\">Roc\u00f3dromo con sistema de auto-retenci\u00f3n<\/figcaption><\/figure><\/li><li class=\"blocks-gallery-item\"><figure><img loading=\"lazy\" decoding=\"async\" width=\"1024\" height=\"804\" src=\"https:\/\/cms.grkroccenter.org\/wp-content\/uploads\/sites\/2\/2022\/03\/DSC_0393-1-1024x804.jpg\" alt=\"\" data-id=\"1128\" data-full-url=\"https:\/\/cms.grkroccenter.org\/wp-content\/uploads\/sites\/2\/2022\/03\/DSC_0393-1-scaled.jpg\" data-link=\"https:\/\/cms.grkroccenter.org\/learn-more\/features\/dsc_0393-1\/\" class=\"wp-image-1128\" srcset=\"https:\/\/stg.grkroccenter.org\/wp-content\/uploads\/sites\/2\/2022\/03\/DSC_0393-1-1024x804.jpg 1024w, https:\/\/stg.grkroccenter.org\/wp-content\/uploads\/sites\/2\/2022\/03\/DSC_0393-1-300x235.jpg 300w, https:\/\/stg.grkroccenter.org\/wp-content\/uploads\/sites\/2\/2022\/03\/DSC_0393-1-768x603.jpg 768w, https:\/\/stg.grkroccenter.org\/wp-content\/uploads\/sites\/2\/2022\/03\/DSC_0393-1-1536x1206.jpg 1536w, https:\/\/stg.grkroccenter.org\/wp-content\/uploads\/sites\/2\/2022\/03\/DSC_0393-1-2048x1607.jpg 2048w\" sizes=\"auto, (max-width: 1024px) 100vw, 1024px\" \/><figcaption class=\"blocks-gallery-item__caption\">Aprende una nueva habilidad como Tae Kwon Do o Judo<\/figcaption><\/figure><\/li><li class=\"blocks-gallery-item\"><figure><img loading=\"lazy\" decoding=\"async\" width=\"950\" height=\"730\" src=\"https:\/\/cms.grkroccenter.org\/wp-content\/uploads\/sites\/2\/2021\/06\/SRHERO4.jpg\" alt=\"Baloncesto en el Centro Kroc de Grand Rapids\" data-id=\"327\" data-full-url=\"https:\/\/cms.grkroccenter.org\/wp-content\/uploads\/sites\/2\/2021\/06\/SRHERO4.jpg\" data-link=\"https:\/\/cms.grkroccenter.org\/learn-more\/hours\/srhero4\/\" class=\"wp-image-327\" srcset=\"https:\/\/stg.grkroccenter.org\/wp-content\/uploads\/sites\/2\/2021\/06\/SRHERO4.jpg 950w, https:\/\/stg.grkroccenter.org\/wp-content\/uploads\/sites\/2\/2021\/06\/SRHERO4-300x231.jpg 300w, https:\/\/stg.grkroccenter.org\/wp-content\/uploads\/sites\/2\/2021\/06\/SRHERO4-768x590.jpg 768w\" sizes=\"auto, (max-width: 950px) 100vw, 950px\" \/><figcaption class=\"blocks-gallery-item__caption\">Campamentos deportivos juveniles para todas las edades y niveles<\/figcaption><\/figure><\/li><\/ul><\/figure>\n\n\n\n<h3 class=\"has-text-align-center wp-block-heading\">Espacios de alquiler<\/h3>\n\n\n\n<figure class=\"wp-block-gallery columns-4 is-cropped wp-block-gallery-4 is-layout-flex wp-block-gallery-is-layout-flex\"><ul class=\"blocks-gallery-grid\"><li class=\"blocks-gallery-item\"><figure><img loading=\"lazy\" decoding=\"async\" width=\"1024\" height=\"702\" src=\"https:\/\/cms.grkroccenter.org\/wp-content\/uploads\/sites\/2\/2021\/06\/WPAC2-1024x702.jpg\" alt=\"\" data-id=\"378\" data-full-url=\"https:\/\/cms.grkroccenter.org\/wp-content\/uploads\/sites\/2\/2021\/06\/WPAC2.jpg\" data-link=\"https:\/\/cms.grkroccenter.org\/learn-more\/hours\/wpac2\/\" class=\"wp-image-378\" srcset=\"https:\/\/stg.grkroccenter.org\/wp-content\/uploads\/sites\/2\/2021\/06\/WPAC2-1024x702.jpg 1024w, https:\/\/stg.grkroccenter.org\/wp-content\/uploads\/sites\/2\/2021\/06\/WPAC2-300x206.jpg 300w, https:\/\/stg.grkroccenter.org\/wp-content\/uploads\/sites\/2\/2021\/06\/WPAC2-768x526.jpg 768w, https:\/\/stg.grkroccenter.org\/wp-content\/uploads\/sites\/2\/2021\/06\/WPAC2.jpg 1100w\" sizes=\"auto, (max-width: 1024px) 100vw, 1024px\" \/><figcaption class=\"blocks-gallery-item__caption\">Centro de Adoraci\u00f3n y Artes Esc\u00e9nicas<\/figcaption><\/figure><\/li><li class=\"blocks-gallery-item\"><figure><img loading=\"lazy\" decoding=\"async\" width=\"1024\" height=\"702\" src=\"https:\/\/cms.grkroccenter.org\/wp-content\/uploads\/sites\/2\/2021\/06\/Outside5-1024x702.jpg\" alt=\"\" data-id=\"369\" data-full-url=\"https:\/\/cms.grkroccenter.org\/wp-content\/uploads\/sites\/2\/2021\/06\/Outside5.jpg\" data-link=\"https:\/\/cms.grkroccenter.org\/learn-more\/hours\/outside5\/\" class=\"wp-image-369\" srcset=\"https:\/\/stg.grkroccenter.org\/wp-content\/uploads\/sites\/2\/2021\/06\/Outside5-1024x702.jpg 1024w, https:\/\/stg.grkroccenter.org\/wp-content\/uploads\/sites\/2\/2021\/06\/Outside5-300x206.jpg 300w, https:\/\/stg.grkroccenter.org\/wp-content\/uploads\/sites\/2\/2021\/06\/Outside5-768x526.jpg 768w, https:\/\/stg.grkroccenter.org\/wp-content\/uploads\/sites\/2\/2021\/06\/Outside5.jpg 1100w\" sizes=\"auto, (max-width: 1024px) 100vw, 1024px\" \/><figcaption class=\"blocks-gallery-item__caption\">Anfiteatro al aire libre<\/figcaption><\/figure><\/li><li class=\"blocks-gallery-item\"><figure><img loading=\"lazy\" decoding=\"async\" width=\"956\" height=\"450\" src=\"https:\/\/cms.grkroccenter.org\/wp-content\/uploads\/sites\/2\/2021\/06\/rentals-corporate.jpg\" alt=\"\" data-id=\"330\" data-full-url=\"https:\/\/cms.grkroccenter.org\/wp-content\/uploads\/sites\/2\/2021\/06\/rentals-corporate.jpg\" data-link=\"https:\/\/cms.grkroccenter.org\/learn-more\/hours\/rentals-corporate\/\" class=\"wp-image-330\" srcset=\"https:\/\/stg.grkroccenter.org\/wp-content\/uploads\/sites\/2\/2021\/06\/rentals-corporate.jpg 956w, https:\/\/stg.grkroccenter.org\/wp-content\/uploads\/sites\/2\/2021\/06\/rentals-corporate-300x141.jpg 300w, https:\/\/stg.grkroccenter.org\/wp-content\/uploads\/sites\/2\/2021\/06\/rentals-corporate-768x362.jpg 768w\" sizes=\"auto, (max-width: 956px) 100vw, 956px\" \/><figcaption class=\"blocks-gallery-item__caption\">Sal\u00f3n de usos m\u00faltiples<\/figcaption><\/figure><\/li><li class=\"blocks-gallery-item\"><figure><img loading=\"lazy\" decoding=\"async\" width=\"1024\" height=\"399\" src=\"https:\/\/cms.grkroccenter.org\/wp-content\/uploads\/sites\/2\/2021\/08\/ayso-kids-1024x399.jpg\" alt=\"F&#xFA;tbol AYSO en el Centro Kroc de Grand Rapids\" data-id=\"756\" data-full-url=\"https:\/\/cms.grkroccenter.org\/wp-content\/uploads\/sites\/2\/2021\/08\/ayso-kids.jpg\" data-link=\"https:\/\/cms.grkroccenter.org\/classes\/sports-recreation\/ayso-kids\/\" class=\"wp-image-756\" srcset=\"https:\/\/stg.grkroccenter.org\/wp-content\/uploads\/sites\/2\/2021\/08\/ayso-kids-1024x399.jpg 1024w, https:\/\/stg.grkroccenter.org\/wp-content\/uploads\/sites\/2\/2021\/08\/ayso-kids-300x117.jpg 300w, https:\/\/stg.grkroccenter.org\/wp-content\/uploads\/sites\/2\/2021\/08\/ayso-kids-768x300.jpg 768w, https:\/\/stg.grkroccenter.org\/wp-content\/uploads\/sites\/2\/2021\/08\/ayso-kids-1536x599.jpg 1536w, https:\/\/stg.grkroccenter.org\/wp-content\/uploads\/sites\/2\/2021\/08\/ayso-kids.jpg 2000w\" sizes=\"auto, (max-width: 1024px) 100vw, 1024px\" \/><figcaption class=\"blocks-gallery-item__caption\">Campos de f\u00fatbol al aire libre, canchas de baloncesto y voleibol de arena<\/figcaption><\/figure><\/li><\/ul><\/figure>\n<\/div><\/div>\n","protected":false},"excerpt":{"rendered":"","protected":false},"author":9,"featured_media":0,"parent":1733,"menu_order":1,"comment_status":"closed","ping_status":"closed","template":"","meta":{"footnotes":""},"class_list":["post-1746","page","type-page","status-publish","hentry"],"yoast_head":"<!-- This site is optimized with the Yoast SEO plugin v22.8 - https:\/\/yoast.com\/wordpress\/plugins\/seo\/ -->\n<title>Kroc Features &amp; Amenities | Grand Rapids - The Salvation Army Kroc Center<\/title>\n<meta name=\"robots\" content=\"index, follow, max-snippet:-1, max-image-preview:large, max-video-preview:-1\" \/>\n<link rel=\"canonical\" href=\"https:\/\/stg.grkroccenter.org\/es\/conoce-mas\/kroc-features-amenities\/\" \/>\n<meta property=\"og:locale\" content=\"es_ES\" \/>\n<meta property=\"og:type\" content=\"article\" \/>\n<meta property=\"og:title\" content=\"Kroc Features &amp; Amenities | Grand Rapids - The Salvation Army Kroc Center\" \/>\n<meta property=\"og:url\" content=\"https:\/\/stg.grkroccenter.org\/es\/conoce-mas\/kroc-features-amenities\/\" \/>\n<meta property=\"og:site_name\" content=\"Grand Rapids - The Salvation Army Kroc Center\" \/>\n<meta property=\"article:modified_time\" content=\"2024-05-30T16:06:33+00:00\" \/>\n<meta property=\"og:image\" content=\"https:\/\/cms.grkroccenter.org\/wp-content\/uploads\/sites\/2\/2021\/06\/Fitness3-1024x702.jpg\" \/>\n<meta name=\"twitter:card\" content=\"summary_large_image\" \/>\n<script type=\"application\/ld+json\" class=\"yoast-schema-graph\">{\"@context\":\"https:\/\/schema.org\",\"@graph\":[{\"@type\":\"WebPage\",\"@id\":\"https:\/\/stg.grkroccenter.org\/es\/conoce-mas\/kroc-features-amenities\/\",\"url\":\"https:\/\/stg.grkroccenter.org\/es\/conoce-mas\/kroc-features-amenities\/\",\"name\":\"Kroc Features & Amenities | Grand Rapids - The Salvation Army Kroc Center\",\"isPartOf\":{\"@id\":\"https:\/\/stg.grkroccenter.org\/es\/#website\"},\"primaryImageOfPage\":{\"@id\":\"https:\/\/stg.grkroccenter.org\/es\/conoce-mas\/kroc-features-amenities\/#primaryimage\"},\"image\":{\"@id\":\"https:\/\/stg.grkroccenter.org\/es\/conoce-mas\/kroc-features-amenities\/#primaryimage\"},\"thumbnailUrl\":\"https:\/\/cms.grkroccenter.org\/wp-content\/uploads\/sites\/2\/2021\/06\/Fitness3-1024x702.jpg\",\"datePublished\":\"2021-05-04T21:35:31+00:00\",\"dateModified\":\"2024-05-30T16:06:33+00:00\",\"breadcrumb\":{\"@id\":\"https:\/\/stg.grkroccenter.org\/es\/conoce-mas\/kroc-features-amenities\/#breadcrumb\"},\"inLanguage\":\"es\",\"potentialAction\":[{\"@type\":\"ReadAction\",\"target\":[\"https:\/\/stg.grkroccenter.org\/es\/conoce-mas\/kroc-features-amenities\/\"]}]},{\"@type\":\"ImageObject\",\"inLanguage\":\"es\",\"@id\":\"https:\/\/stg.grkroccenter.org\/es\/conoce-mas\/kroc-features-amenities\/#primaryimage\",\"url\":\"https:\/\/cms.grkroccenter.org\/wp-content\/uploads\/sites\/2\/2021\/06\/Fitness3-1024x702.jpg\",\"contentUrl\":\"https:\/\/cms.grkroccenter.org\/wp-content\/uploads\/sites\/2\/2021\/06\/Fitness3-1024x702.jpg\"},{\"@type\":\"BreadcrumbList\",\"@id\":\"https:\/\/stg.grkroccenter.org\/es\/conoce-mas\/kroc-features-amenities\/#breadcrumb\",\"itemListElement\":[{\"@type\":\"ListItem\",\"position\":1,\"name\":\"Home\",\"item\":\"https:\/\/stg.grkroccenter.org\/es\/\"},{\"@type\":\"ListItem\",\"position\":2,\"name\":\"Conoce M\u00e1s\",\"item\":\"https:\/\/stg.grkroccenter.org\/es\/learn-more\/\"},{\"@type\":\"ListItem\",\"position\":3,\"name\":\"Kroc Features &#038; Amenities\"}]},{\"@type\":\"WebSite\",\"@id\":\"https:\/\/stg.grkroccenter.org\/es\/#website\",\"url\":\"https:\/\/stg.grkroccenter.org\/es\/\",\"name\":\"Grand Rapids - The Salvation Army Kroc Center\",\"description\":\"\",\"publisher\":{\"@id\":\"https:\/\/stg.grkroccenter.org\/es\/#organization\"},\"potentialAction\":[{\"@type\":\"SearchAction\",\"target\":{\"@type\":\"EntryPoint\",\"urlTemplate\":\"https:\/\/stg.grkroccenter.org\/es\/?s={search_term_string}\"},\"query-input\":\"required name=search_term_string\"}],\"inLanguage\":\"es\"},{\"@type\":\"Organization\",\"@id\":\"https:\/\/stg.grkroccenter.org\/es\/#organization\",\"name\":\"The Salvation Army Kroc Center\",\"url\":\"https:\/\/stg.grkroccenter.org\/es\/\",\"logo\":{\"@type\":\"ImageObject\",\"inLanguage\":\"es\",\"@id\":\"https:\/\/stg.grkroccenter.org\/es\/#\/schema\/logo\/image\/\",\"url\":\"https:\/\/cms.grkroccenter.org\/wp-content\/uploads\/sites\/2\/2021\/08\/Kroc_Secondary_GR.png\",\"contentUrl\":\"https:\/\/cms.grkroccenter.org\/wp-content\/uploads\/sites\/2\/2021\/08\/Kroc_Secondary_GR.png\",\"width\":1920,\"height\":1080,\"caption\":\"The Salvation Army Kroc Center\"},\"image\":{\"@id\":\"https:\/\/stg.grkroccenter.org\/es\/#\/schema\/logo\/image\/\"}}]}<\/script>\n<!-- \/ Yoast SEO plugin. -->","yoast_head_json":{"title":"Kroc Features & Amenities | Grand Rapids - The Salvation Army Kroc Center","robots":{"index":"index","follow":"follow","max-snippet":"max-snippet:-1","max-image-preview":"max-image-preview:large","max-video-preview":"max-video-preview:-1"},"canonical":"https:\/\/stg.grkroccenter.org\/es\/conoce-mas\/kroc-features-amenities\/","og_locale":"es_ES","og_type":"article","og_title":"Kroc Features & Amenities | Grand Rapids - The Salvation Army Kroc Center","og_url":"https:\/\/stg.grkroccenter.org\/es\/conoce-mas\/kroc-features-amenities\/","og_site_name":"Grand Rapids - The Salvation Army Kroc Center","article_modified_time":"2024-05-30T16:06:33+00:00","og_image":[{"url":"https:\/\/cms.grkroccenter.org\/wp-content\/uploads\/sites\/2\/2021\/06\/Fitness3-1024x702.jpg"}],"twitter_card":"summary_large_image","schema":{"@context":"https:\/\/schema.org","@graph":[{"@type":"WebPage","@id":"https:\/\/stg.grkroccenter.org\/es\/conoce-mas\/kroc-features-amenities\/","url":"https:\/\/stg.grkroccenter.org\/es\/conoce-mas\/kroc-features-amenities\/","name":"Kroc Features & Amenities | Grand Rapids - The Salvation Army Kroc Center","isPartOf":{"@id":"https:\/\/stg.grkroccenter.org\/es\/#website"},"primaryImageOfPage":{"@id":"https:\/\/stg.grkroccenter.org\/es\/conoce-mas\/kroc-features-amenities\/#primaryimage"},"image":{"@id":"https:\/\/stg.grkroccenter.org\/es\/conoce-mas\/kroc-features-amenities\/#primaryimage"},"thumbnailUrl":"https:\/\/cms.grkroccenter.org\/wp-content\/uploads\/sites\/2\/2021\/06\/Fitness3-1024x702.jpg","datePublished":"2021-05-04T21:35:31+00:00","dateModified":"2024-05-30T16:06:33+00:00","breadcrumb":{"@id":"https:\/\/stg.grkroccenter.org\/es\/conoce-mas\/kroc-features-amenities\/#breadcrumb"},"inLanguage":"es","potentialAction":[{"@type":"ReadAction","target":["https:\/\/stg.grkroccenter.org\/es\/conoce-mas\/kroc-features-amenities\/"]}]},{"@type":"ImageObject","inLanguage":"es","@id":"https:\/\/stg.grkroccenter.org\/es\/conoce-mas\/kroc-features-amenities\/#primaryimage","url":"https:\/\/cms.grkroccenter.org\/wp-content\/uploads\/sites\/2\/2021\/06\/Fitness3-1024x702.jpg","contentUrl":"https:\/\/cms.grkroccenter.org\/wp-content\/uploads\/sites\/2\/2021\/06\/Fitness3-1024x702.jpg"},{"@type":"BreadcrumbList","@id":"https:\/\/stg.grkroccenter.org\/es\/conoce-mas\/kroc-features-amenities\/#breadcrumb","itemListElement":[{"@type":"ListItem","position":1,"name":"Home","item":"https:\/\/stg.grkroccenter.org\/es\/"},{"@type":"ListItem","position":2,"name":"Conoce M\u00e1s","item":"https:\/\/stg.grkroccenter.org\/es\/learn-more\/"},{"@type":"ListItem","position":3,"name":"Kroc Features &#038; Amenities"}]},{"@type":"WebSite","@id":"https:\/\/stg.grkroccenter.org\/es\/#website","url":"https:\/\/stg.grkroccenter.org\/es\/","name":"Grand Rapids - The Salvation Army Kroc Center","description":"","publisher":{"@id":"https:\/\/stg.grkroccenter.org\/es\/#organization"},"potentialAction":[{"@type":"SearchAction","target":{"@type":"EntryPoint","urlTemplate":"https:\/\/stg.grkroccenter.org\/es\/?s={search_term_string}"},"query-input":"required name=search_term_string"}],"inLanguage":"es"},{"@type":"Organization","@id":"https:\/\/stg.grkroccenter.org\/es\/#organization","name":"The Salvation Army Kroc Center","url":"https:\/\/stg.grkroccenter.org\/es\/","logo":{"@type":"ImageObject","inLanguage":"es","@id":"https:\/\/stg.grkroccenter.org\/es\/#\/schema\/logo\/image\/","url":"https:\/\/cms.grkroccenter.org\/wp-content\/uploads\/sites\/2\/2021\/08\/Kroc_Secondary_GR.png","contentUrl":"https:\/\/cms.grkroccenter.org\/wp-content\/uploads\/sites\/2\/2021\/08\/Kroc_Secondary_GR.png","width":1920,"height":1080,"caption":"The Salvation Army Kroc Center"},"image":{"@id":"https:\/\/stg.grkroccenter.org\/es\/#\/schema\/logo\/image\/"}}]}},"featured_image_src":null,"featured_image_src_square":null,"_links":{"self":[{"href":"https:\/\/stg.grkroccenter.org\/es\/wp-json\/wp\/v2\/pages\/1746","targetHints":{"allow":["GET"]}}],"collection":[{"href":"https:\/\/stg.grkroccenter.org\/es\/wp-json\/wp\/v2\/pages"}],"about":[{"href":"https:\/\/stg.grkroccenter.org\/es\/wp-json\/wp\/v2\/types\/page"}],"author":[{"embeddable":true,"href":"https:\/\/stg.grkroccenter.org\/es\/wp-json\/wp\/v2\/users\/9"}],"replies":[{"embeddable":true,"href":"https:\/\/stg.grkroccenter.org\/es\/wp-json\/wp\/v2\/comments?post=1746"}],"version-history":[{"count":0,"href":"https:\/\/stg.grkroccenter.org\/es\/wp-json\/wp\/v2\/pages\/1746\/revisions"}],"up":[{"embeddable":true,"href":"https:\/\/stg.grkroccenter.org\/es\/wp-json\/wp\/v2\/pages\/1733"}],"wp:attachment":[{"href":"https:\/\/stg.grkroccenter.org\/es\/wp-json\/wp\/v2\/media?parent=1746"}],"curies":[{"name":"wp","href":"https:\/\/api.w.org\/{rel}","templated":true}]}}